{"id":158144,"date":"2025-05-30T10:52:53","date_gmt":"2025-05-30T07:52:53","guid":{"rendered":"https:\/\/4room.lv\/?post_type=product&#038;p=158144"},"modified":"2025-05-30T10:52:53","modified_gmt":"2025-05-30T07:52:53","slug":"mural-led-ekspozicijas-modelis","status":"publish","type":"product","link":"https:\/\/4room.lv\/lv\/veikals\/apgaismojums\/dekorativais\/mural-led-ekspozicijas-modelis\/","title":{"rendered":"Mural Led (ekspoz\u012bcijas modelis)"},"content":{"rendered":"","protected":false},"excerpt":{"rendered":"<p>M\u016bsdien\u012bgs Led griestu gaismeklis \u0123eometrisk\u0101s form\u0101s. Pie\u0161\u0137irs modernu skaj\u016btu interjeram. Tam ir jaud\u012bgs Led\u00a0 labai gaismai.<\/p>\n","protected":false},"featured_media":158145,"template":"","meta":[],"product_cat":[127,147],"product_tag":[],"class_list":{"0":"post-158144","1":"product","2":"type-product","3":"status-publish","4":"has-post-thumbnail","6":"product_brand-mantra","7":"product_cat-apgaismojums","8":"product_cat-dekorativais","10":"first","11":"instock","12":"sale","13":"shipping-taxable","14":"purchasable","15":"product-type-simple","16":"hongo-alternate-image-wrap"},"_links":{"self":[{"href":"https:\/\/4room.lv\/lv\/wp-json\/wp\/v2\/product\/158144","targetHints":{"allow":["GET"]}}],"collection":[{"href":"https:\/\/4room.lv\/lv\/wp-json\/wp\/v2\/product"}],"about":[{"href":"https:\/\/4room.lv\/lv\/wp-json\/wp\/v2\/types\/product"}],"wp:featuredmedia":[{"embeddable":true,"href":"https:\/\/4room.lv\/lv\/wp-json\/wp\/v2\/media\/158145"}],"wp:attachment":[{"href":"https:\/\/4room.lv\/lv\/wp-json\/wp\/v2\/media?parent=158144"}],"wp:term":[{"taxonomy":"product_cat","embeddable":true,"href":"https:\/\/4room.lv\/lv\/wp-json\/wp\/v2\/product_cat?post=158144"},{"taxonomy":"product_tag","embeddable":true,"href":"https:\/\/4room.lv\/lv\/wp-json\/wp\/v2\/product_tag?post=158144"}],"curies":[{"name":"wp","href":"https:\/\/api.w.org\/{rel}","templated":true}]}}