{"id":158179,"date":"2025-05-30T11:55:30","date_gmt":"2025-05-30T08:55:30","guid":{"rendered":"https:\/\/4room.lv\/?post_type=product&#038;p=158179"},"modified":"2025-11-13T16:14:21","modified_gmt":"2025-11-13T14:14:21","slug":"nina-ar-zilu-stikla-kupolu","status":"publish","type":"product","link":"https:\/\/4room.lv\/lv\/veikals\/apgaismojums\/dekorativais\/nina-ar-zilu-stikla-kupolu\/","title":{"rendered":"Nina ar zilu stikla kupolu"},"content":{"rendered":"","protected":false},"excerpt":{"rendered":"<p>Moderna elegance kur satiekas m\u016bsdien\u012bga gaismek\u013ca b\u0101ze ar gais\u012bgu stiklu. Led gaismeklis zeltain\u0101 ton\u012b ir izmantojams pat par sevi. Tam ir laba gaisma kas sp\u012bd uz virsmu, bet ir ar \u012bpa\u0161u difuzoru, pret \u017eilbin\u0101sanu, l\u012bdz ar to b\u016bs labs risin\u0101jums virs galda. Skaistu akcentu\u00a0 var pan\u0101kt ar atsevis\u0137i uzliekamo stikla kupolu. Konkr\u0113tais vidusj\u016bras zilais ir m\u016bsu favor\u012bts! \u0160o gaismekli var kombin\u0113t da\u017e\u0101di, pan\u0101kot sev v\u0113lamu rezult\u0101tu. Par vis\u0101m Nina s\u0113rijas iesp\u0113j\u0101m variet jaut\u0101t mums.<\/p>\n","protected":false},"featured_media":158180,"template":"","meta":[],"product_cat":[127,147],"product_tag":[],"class_list":{"0":"post-158179","1":"product","2":"type-product","3":"status-publish","4":"has-post-thumbnail","6":"product_brand-ondaluce","7":"product_cat-apgaismojums","8":"product_cat-dekorativais","10":"first","11":"instock","12":"shipping-taxable","13":"purchasable","14":"product-type-simple"},"_links":{"self":[{"href":"https:\/\/4room.lv\/lv\/wp-json\/wp\/v2\/product\/158179","targetHints":{"allow":["GET"]}}],"collection":[{"href":"https:\/\/4room.lv\/lv\/wp-json\/wp\/v2\/product"}],"about":[{"href":"https:\/\/4room.lv\/lv\/wp-json\/wp\/v2\/types\/product"}],"wp:featuredmedia":[{"embeddable":true,"href":"https:\/\/4room.lv\/lv\/wp-json\/wp\/v2\/media\/158180"}],"wp:attachment":[{"href":"https:\/\/4room.lv\/lv\/wp-json\/wp\/v2\/media?parent=158179"}],"wp:term":[{"taxonomy":"product_cat","embeddable":true,"href":"https:\/\/4room.lv\/lv\/wp-json\/wp\/v2\/product_cat?post=158179"},{"taxonomy":"product_tag","embeddable":true,"href":"https:\/\/4room.lv\/lv\/wp-json\/wp\/v2\/product_tag?post=158179"}],"curies":[{"name":"wp","href":"https:\/\/api.w.org\/{rel}","templated":true}]}}