{"id":158192,"date":"2025-05-30T12:06:28","date_gmt":"2025-05-30T09:06:28","guid":{"rendered":"https:\/\/4room.lv\/?post_type=product&#038;p=158192"},"modified":"2025-05-30T12:06:29","modified_gmt":"2025-05-30T09:06:29","slug":"dining-chair-leiza-set-of-2","status":"publish","type":"product","link":"https:\/\/4room.lv\/lv\/veikals\/mebeles\/kresli\/dining-chair-leiza-set-of-2\/","title":{"rendered":"Dining Chair Leiza set of 2"},"content":{"rendered":"","protected":false},"excerpt":{"rendered":"<p>Izcils dizains un izcila kvalit\u0101te no Eichholtz. Leiza ir interesanti \u0113damkr\u0113sli, kas viscaur ir ar auduma apdari br\u016bn\u0101 ton\u012b. Kr\u0113slus ir iesp\u0113jams a\u0157\u012b likt vienu virs otra.<\/p>\n<p>Kr\u0113slu cena nor\u0101d\u012bta par 2gab kr\u0113sliem, tie n\u0101k kast\u0113 pa 2gab.<\/p>\n<p>&nbsp;<\/p>\n","protected":false},"featured_media":158203,"template":"","meta":[],"product_cat":[129,144],"product_tag":[],"class_list":{"0":"post-158192","1":"product","2":"type-product","3":"status-publish","4":"has-post-thumbnail","6":"product_brand-eichholtz","7":"product_cat-mebeles","8":"product_cat-kresli","10":"first","11":"instock","12":"shipping-taxable","13":"purchasable","14":"product-type-simple","15":"hongo-alternate-image-wrap"},"_links":{"self":[{"href":"https:\/\/4room.lv\/lv\/wp-json\/wp\/v2\/product\/158192","targetHints":{"allow":["GET"]}}],"collection":[{"href":"https:\/\/4room.lv\/lv\/wp-json\/wp\/v2\/product"}],"about":[{"href":"https:\/\/4room.lv\/lv\/wp-json\/wp\/v2\/types\/product"}],"wp:featuredmedia":[{"embeddable":true,"href":"https:\/\/4room.lv\/lv\/wp-json\/wp\/v2\/media\/158203"}],"wp:attachment":[{"href":"https:\/\/4room.lv\/lv\/wp-json\/wp\/v2\/media?parent=158192"}],"wp:term":[{"taxonomy":"product_cat","embeddable":true,"href":"https:\/\/4room.lv\/lv\/wp-json\/wp\/v2\/product_cat?post=158192"},{"taxonomy":"product_tag","embeddable":true,"href":"https:\/\/4room.lv\/lv\/wp-json\/wp\/v2\/product_tag?post=158192"}],"curies":[{"name":"wp","href":"https:\/\/api.w.org\/{rel}","templated":true}]}}