{"id":158245,"date":"2025-05-30T16:25:20","date_gmt":"2025-05-30T13:25:20","guid":{"rendered":"https:\/\/4room.lv\/?post_type=product&#038;p=158245"},"modified":"2025-05-30T16:26:03","modified_gmt":"2025-05-30T13:26:03","slug":"lilly-floor-lamp","status":"publish","type":"product","link":"https:\/\/4room.lv\/lv\/veikals\/apgaismojums\/dekorativais\/lilly-floor-lamp\/","title":{"rendered":"Lilly floor lamp"},"content":{"rendered":"","protected":false},"excerpt":{"rendered":"<p>jauk\u0101 Lilly st\u0101vlampa ir gan dekorat\u012bva gan praktiska. Tai ir 3 balti p\u016bsta stikla kupoli, kas izvietoti ap melnu metala k\u0101ju. Katr\u0101 kupol\u0101 ir pa E14 spuldz\u012btei, kas izstaros maigu un pat\u012bkamu gaismu uz visu telpu.<\/p>\n<p>Iesak\u0101m gaismeklim izvel\u0113ties baltas stikla spuldz\u012btes, lai gaisma kupol\u0101 b\u016btu vienm\u0113r\u012bga.<\/p>\n<p>&nbsp;<\/p>\n","protected":false},"featured_media":158246,"template":"","meta":[],"product_cat":[127,147],"product_tag":[],"class_list":{"0":"post-158245","1":"product","2":"type-product","3":"status-publish","4":"has-post-thumbnail","6":"product_brand-nordlux","7":"product_cat-apgaismojums","8":"product_cat-dekorativais","10":"first","11":"instock","12":"shipping-taxable","13":"purchasable","14":"product-type-simple","15":"hongo-alternate-image-wrap"},"_links":{"self":[{"href":"https:\/\/4room.lv\/lv\/wp-json\/wp\/v2\/product\/158245","targetHints":{"allow":["GET"]}}],"collection":[{"href":"https:\/\/4room.lv\/lv\/wp-json\/wp\/v2\/product"}],"about":[{"href":"https:\/\/4room.lv\/lv\/wp-json\/wp\/v2\/types\/product"}],"wp:featuredmedia":[{"embeddable":true,"href":"https:\/\/4room.lv\/lv\/wp-json\/wp\/v2\/media\/158246"}],"wp:attachment":[{"href":"https:\/\/4room.lv\/lv\/wp-json\/wp\/v2\/media?parent=158245"}],"wp:term":[{"taxonomy":"product_cat","embeddable":true,"href":"https:\/\/4room.lv\/lv\/wp-json\/wp\/v2\/product_cat?post=158245"},{"taxonomy":"product_tag","embeddable":true,"href":"https:\/\/4room.lv\/lv\/wp-json\/wp\/v2\/product_tag?post=158245"}],"curies":[{"name":"wp","href":"https:\/\/api.w.org\/{rel}","templated":true}]}}