{"id":158261,"date":"2025-05-30T16:34:00","date_gmt":"2025-05-30T13:34:00","guid":{"rendered":"https:\/\/4room.lv\/?post_type=product&#038;p=158261"},"modified":"2025-05-30T16:34:00","modified_gmt":"2025-05-30T13:34:00","slug":"jelly-pendant","status":"publish","type":"product","link":"https:\/\/4room.lv\/lv\/veikals\/apgaismojums\/dekorativais\/jelly-pendant\/","title":{"rendered":"Jelly pendant"},"content":{"rendered":"","protected":false},"excerpt":{"rendered":"<p>Jelly lampa sast\u0101v no diviem p\u016bsta stikla sl\u0101\u0146iem, kur iek\u0161\u0113jais aba\u017e\u016brs ir izgatavots no balta op\u0101la stikla, bet \u0101r\u0113jais \u2013 no caursp\u012bd\u012bga stikla, kas gaismai pie\u0161\u0137ir maigu un siltu mirdzumu. Neliela deta\u013ca ir elegant\u0101 misi\u0146a virsma, kas lampai pie\u0161\u0137ir ekskluz\u012bvu saj\u016btu. Jelly lampa lieliski iederas virs \u0113damgalda vai jebkur, kur nepiecie\u0161ams nedaudz papildu gaismas.<\/p>\n<p>Gaismeklim nepeicie\u0161ama E27 spuldze, kuru variet izvel\u0113ties p\u0113c saviem ieskatiem. M\u0113s ieteiktu izmnatot balta stikla spuldzi, kas vienm\u0113r\u012bg\u0101k izgaismos kupolu.<\/p>\n","protected":false},"featured_media":158262,"template":"","meta":[],"product_cat":[127,147],"product_tag":[],"class_list":{"0":"post-158261","1":"product","2":"type-product","3":"status-publish","4":"has-post-thumbnail","6":"product_brand-nordlux","7":"product_cat-apgaismojums","8":"product_cat-dekorativais","10":"first","11":"instock","12":"shipping-taxable","13":"purchasable","14":"product-type-simple","15":"hongo-alternate-image-wrap"},"_links":{"self":[{"href":"https:\/\/4room.lv\/lv\/wp-json\/wp\/v2\/product\/158261","targetHints":{"allow":["GET"]}}],"collection":[{"href":"https:\/\/4room.lv\/lv\/wp-json\/wp\/v2\/product"}],"about":[{"href":"https:\/\/4room.lv\/lv\/wp-json\/wp\/v2\/types\/product"}],"wp:featuredmedia":[{"embeddable":true,"href":"https:\/\/4room.lv\/lv\/wp-json\/wp\/v2\/media\/158262"}],"wp:attachment":[{"href":"https:\/\/4room.lv\/lv\/wp-json\/wp\/v2\/media?parent=158261"}],"wp:term":[{"taxonomy":"product_cat","embeddable":true,"href":"https:\/\/4room.lv\/lv\/wp-json\/wp\/v2\/product_cat?post=158261"},{"taxonomy":"product_tag","embeddable":true,"href":"https:\/\/4room.lv\/lv\/wp-json\/wp\/v2\/product_tag?post=158261"}],"curies":[{"name":"wp","href":"https:\/\/api.w.org\/{rel}","templated":true}]}}