{"id":158274,"date":"2025-04-01T16:43:13","date_gmt":"2025-04-01T13:43:13","guid":{"rendered":"https:\/\/4room.lv\/?post_type=product&#038;p=158274"},"modified":"2026-02-22T19:39:45","modified_gmt":"2026-02-22T17:39:45","slug":"laura-chair-swivel","status":"publish","type":"product","link":"https:\/\/4room.lv\/lv\/veikals\/biroja-mebeles\/apmekletaju-kresli\/laura-chair-swivel\/","title":{"rendered":"Laura chair swivel"},"content":{"rendered":"","protected":false},"excerpt":{"rendered":"<p>Kr\u0113sli ar augstu muguru un roku balstiem, neitr\u0101\u013ci pel\u0113k\u0101 audum\u0101, ko viegli sakombin\u0113t ar citiem materi\u0101liem un to\u0146iem. Kr\u0113slam ir rot\u0113jo\u0161\u0101 k\u0101ja meln\u0101 met\u0101l\u0101.<\/p>\n","protected":false},"featured_media":158275,"template":"","meta":[],"product_cat":[131,339,129,144],"product_tag":[],"class_list":{"0":"post-158274","1":"product","2":"type-product","3":"status-publish","4":"has-post-thumbnail","6":"product_cat-biroja-mebeles","7":"product_cat-apmekletaju-kresli","8":"product_cat-mebeles","9":"product_cat-kresli","11":"first","12":"instock","13":"sale","14":"shipping-taxable","15":"purchasable","16":"product-type-simple","17":"hongo-alternate-image-wrap"},"_links":{"self":[{"href":"https:\/\/4room.lv\/lv\/wp-json\/wp\/v2\/product\/158274","targetHints":{"allow":["GET"]}}],"collection":[{"href":"https:\/\/4room.lv\/lv\/wp-json\/wp\/v2\/product"}],"about":[{"href":"https:\/\/4room.lv\/lv\/wp-json\/wp\/v2\/types\/product"}],"wp:featuredmedia":[{"embeddable":true,"href":"https:\/\/4room.lv\/lv\/wp-json\/wp\/v2\/media\/158275"}],"wp:attachment":[{"href":"https:\/\/4room.lv\/lv\/wp-json\/wp\/v2\/media?parent=158274"}],"wp:term":[{"taxonomy":"product_cat","embeddable":true,"href":"https:\/\/4room.lv\/lv\/wp-json\/wp\/v2\/product_cat?post=158274"},{"taxonomy":"product_tag","embeddable":true,"href":"https:\/\/4room.lv\/lv\/wp-json\/wp\/v2\/product_tag?post=158274"}],"curies":[{"name":"wp","href":"https:\/\/api.w.org\/{rel}","templated":true}]}}