{"id":158369,"date":"2025-06-02T15:27:00","date_gmt":"2025-06-02T12:27:00","guid":{"rendered":"https:\/\/4room.lv\/?post_type=product&#038;p=158369"},"modified":"2025-06-02T15:27:01","modified_gmt":"2025-06-02T12:27:01","slug":"orbit-floor-nickel","status":"publish","type":"product","link":"https:\/\/4room.lv\/lv\/veikals\/apgaismojums\/dekorativais\/orbit-floor-nickel\/","title":{"rendered":"Orbit floor nickel"},"content":{"rendered":"","protected":false},"excerpt":{"rendered":"<p>M\u016bsdien\u012bgs un funkcion\u0101ls Led gaismeklis, kas p\u0101rsteigs ar savam daudzaj\u0101m funkcij\u0101m un lielisko dizainu. Stavlampai ir 3 Led gaismek\u013ci, kam puse sf\u0113ras ir mat\u0113ts balts stikls m\u0101j\u012bgai gaismai un puse ir ar stikla l\u0113cu, las\u0101mai gaismai. Katrs gaismekl\u012bts ir gro\u017eams, l\u012bz ar to variet piel\u0101got kur un k\u0101 krit\u012bs gaisma. Gaismeklim ar\u012b ir paroc\u012bgas funkcijas &#8211; main\u0101ms spektrs, kur variet izvel\u0113ties no tr\u012bs gaismas to\u0146iem, no \u012bpa\u0161i siltas l\u012bdz baltai gaismai, k\u0101 ar\u012b to ir iesp\u0113jams dimm\u0113t, regul\u0113jot gaismas spo\u017eumu. Un tas viss ar vienas piesk\u0101rienj\u016bt\u012bgas pogas pal\u012bdz\u012bgu, kas novietota \u0113rti sasniedzama uz pa\u0161as st\u0101vlasmpas gala. Gaismeklim ir memory funkcija un tas atcer\u0113sies j\u016bsu uzliktos iestat\u012bjumus, kad n\u0101ko\u0161reiz iesl\u0113gsiet gaismekli.<\/p>\n<p>\u0160\u012b b\u016bs izv\u0113le tiem kas v\u0113l\u0101s ne tikai vizu\u0101li gl\u012btu un dizain\u0101 interesantu st\u0101vlampu, bet ar\u012b grib praktisku un funkcion\u0101lu apgaismojuma risin\u0101jumu!<\/p>\n","protected":false},"featured_media":158370,"template":"","meta":[],"product_cat":[127,147],"product_tag":[],"class_list":{"0":"post-158369","1":"product","2":"type-product","3":"status-publish","4":"has-post-thumbnail","6":"product_brand-select","7":"product_cat-apgaismojums","8":"product_cat-dekorativais","10":"first","11":"instock","12":"shipping-taxable","13":"purchasable","14":"product-type-simple"},"_links":{"self":[{"href":"https:\/\/4room.lv\/lv\/wp-json\/wp\/v2\/product\/158369","targetHints":{"allow":["GET"]}}],"collection":[{"href":"https:\/\/4room.lv\/lv\/wp-json\/wp\/v2\/product"}],"about":[{"href":"https:\/\/4room.lv\/lv\/wp-json\/wp\/v2\/types\/product"}],"wp:featuredmedia":[{"embeddable":true,"href":"https:\/\/4room.lv\/lv\/wp-json\/wp\/v2\/media\/158370"}],"wp:attachment":[{"href":"https:\/\/4room.lv\/lv\/wp-json\/wp\/v2\/media?parent=158369"}],"wp:term":[{"taxonomy":"product_cat","embeddable":true,"href":"https:\/\/4room.lv\/lv\/wp-json\/wp\/v2\/product_cat?post=158369"},{"taxonomy":"product_tag","embeddable":true,"href":"https:\/\/4room.lv\/lv\/wp-json\/wp\/v2\/product_tag?post=158369"}],"curies":[{"name":"wp","href":"https:\/\/api.w.org\/{rel}","templated":true}]}}