{"id":158379,"date":"2025-06-02T16:09:24","date_gmt":"2025-06-02T13:09:24","guid":{"rendered":"https:\/\/4room.lv\/?post_type=product&#038;p=158379"},"modified":"2025-06-02T16:09:25","modified_gmt":"2025-06-02T13:09:25","slug":"wall-lamp-axis-black","status":"publish","type":"product","link":"https:\/\/4room.lv\/lv\/veikals\/apgaismojums\/dekorativais\/wall-lamp-axis-black\/","title":{"rendered":"Wall lamp Axis black"},"content":{"rendered":"","protected":false},"excerpt":{"rendered":"<p>Ask\u0113tisks Led sienas gaismeklis ar labu gaismas jaudu. B\u016bs ne tikai dekorat\u012bvs, bet ar\u012b sp\u0113s izgaismot telpu.<\/p>\n","protected":false},"featured_media":158380,"template":"","meta":[],"product_cat":[127,148,147],"product_tag":[],"class_list":{"0":"post-158379","1":"product","2":"type-product","3":"status-publish","4":"has-post-thumbnail","6":"product_brand-maytoni","7":"product_cat-apgaismojums","8":"product_cat-arhitekturalais","9":"product_cat-dekorativais","11":"first","12":"instock","13":"sale","14":"shipping-taxable","15":"purchasable","16":"product-type-simple","17":"hongo-alternate-image-wrap"},"_links":{"self":[{"href":"https:\/\/4room.lv\/lv\/wp-json\/wp\/v2\/product\/158379","targetHints":{"allow":["GET"]}}],"collection":[{"href":"https:\/\/4room.lv\/lv\/wp-json\/wp\/v2\/product"}],"about":[{"href":"https:\/\/4room.lv\/lv\/wp-json\/wp\/v2\/types\/product"}],"wp:featuredmedia":[{"embeddable":true,"href":"https:\/\/4room.lv\/lv\/wp-json\/wp\/v2\/media\/158380"}],"wp:attachment":[{"href":"https:\/\/4room.lv\/lv\/wp-json\/wp\/v2\/media?parent=158379"}],"wp:term":[{"taxonomy":"product_cat","embeddable":true,"href":"https:\/\/4room.lv\/lv\/wp-json\/wp\/v2\/product_cat?post=158379"},{"taxonomy":"product_tag","embeddable":true,"href":"https:\/\/4room.lv\/lv\/wp-json\/wp\/v2\/product_tag?post=158379"}],"curies":[{"name":"wp","href":"https:\/\/api.w.org\/{rel}","templated":true}]}}