{"id":158395,"date":"2025-06-02T16:26:02","date_gmt":"2025-06-02T13:26:02","guid":{"rendered":"https:\/\/4room.lv\/?post_type=product&#038;p=158395"},"modified":"2025-06-02T16:26:02","modified_gmt":"2025-06-02T13:26:02","slug":"soel-3-oro","status":"publish","type":"product","link":"https:\/\/4room.lv\/lv\/veikals\/apgaismojums\/dekorativais\/soel-3-oro\/","title":{"rendered":"Soel 3 oro"},"content":{"rendered":"","protected":false},"excerpt":{"rendered":"<p>Led gredzeni, kur no viena stiprinajuma iek\u0101rti 3 izm\u0113ru gredzeni &#8211; 100\/80\/60cm diametros. Gredzeni ir uz atv\u0113rta tipa tros\u0113m un var\u0113siet \u0113rti izvietot tos p\u0113c saviem ieskatiem. Tiem ir iesp\u0113ja nomain\u012bt spektru, jo ir p\u0101rsl\u0113gs, l\u012bdz ar to variet izvel\u0113ties silt\u0101ku 3000K vai v\u0113saku 4000K gaismu. Led ir dimejams.\u00a0 Pasiem ri\u0146\u0137iem apdares tonis ir \u0161apanie\u0161a zelta ton\u012b, kas mat\u0113ts un \u013coti neitr\u0101ls.<\/p>\n","protected":false},"featured_media":158396,"template":"","meta":[],"product_cat":[127,147],"product_tag":[],"class_list":{"0":"post-158395","1":"product","2":"type-product","3":"status-publish","4":"has-post-thumbnail","6":"product_brand-ondaluce","7":"product_cat-apgaismojums","8":"product_cat-dekorativais","10":"first","11":"instock","12":"sale","13":"shipping-taxable","14":"purchasable","15":"product-type-simple","16":"hongo-alternate-image-wrap"},"_links":{"self":[{"href":"https:\/\/4room.lv\/lv\/wp-json\/wp\/v2\/product\/158395","targetHints":{"allow":["GET"]}}],"collection":[{"href":"https:\/\/4room.lv\/lv\/wp-json\/wp\/v2\/product"}],"about":[{"href":"https:\/\/4room.lv\/lv\/wp-json\/wp\/v2\/types\/product"}],"wp:featuredmedia":[{"embeddable":true,"href":"https:\/\/4room.lv\/lv\/wp-json\/wp\/v2\/media\/158396"}],"wp:attachment":[{"href":"https:\/\/4room.lv\/lv\/wp-json\/wp\/v2\/media?parent=158395"}],"wp:term":[{"taxonomy":"product_cat","embeddable":true,"href":"https:\/\/4room.lv\/lv\/wp-json\/wp\/v2\/product_cat?post=158395"},{"taxonomy":"product_tag","embeddable":true,"href":"https:\/\/4room.lv\/lv\/wp-json\/wp\/v2\/product_tag?post=158395"}],"curies":[{"name":"wp","href":"https:\/\/api.w.org\/{rel}","templated":true}]}}