{"id":158405,"date":"2025-06-02T16:52:43","date_gmt":"2025-06-02T13:52:43","guid":{"rendered":"https:\/\/4room.lv\/?post_type=product&#038;p=158405"},"modified":"2025-11-13T17:50:32","modified_gmt":"2025-11-13T15:50:32","slug":"bach-wall-2xe14","status":"publish","type":"product","link":"https:\/\/4room.lv\/lv\/veikals\/apgaismojums\/dekorativais\/bach-wall-2xe14\/","title":{"rendered":"Bach wall 2xE14"},"content":{"rendered":"","protected":false},"excerpt":{"rendered":"<p>Klasisks sienas bra, ar diviem zariem. Sp\u012bd\u012bga zelta r\u0101mis ar caursp\u012bd\u012bgu stiklu un kristala deta\u013c\u0101m ir eleganta kombin\u0101cija kas piest\u0101v\u0113s daudz kam. Gaismeklim nepeicie\u0161amas 2gab E14 spuldz\u012btes, kuras var\u0113siet izvel\u0113ties p\u0113c ieskatiem.<\/p>\n<p>Modelis pieejams ar\u012b versij\u0101 ar abaz\u016briem. Par to variet jaut\u0101t mums.<\/p>\n","protected":false},"featured_media":158406,"template":"","meta":[],"product_cat":[127,147],"product_tag":[],"class_list":{"0":"post-158405","1":"product","2":"type-product","3":"status-publish","4":"has-post-thumbnail","6":"product_brand-ondaluce","7":"product_cat-apgaismojums","8":"product_cat-dekorativais","10":"first","11":"instock","12":"sale","13":"shipping-taxable","14":"purchasable","15":"product-type-simple"},"_links":{"self":[{"href":"https:\/\/4room.lv\/lv\/wp-json\/wp\/v2\/product\/158405","targetHints":{"allow":["GET"]}}],"collection":[{"href":"https:\/\/4room.lv\/lv\/wp-json\/wp\/v2\/product"}],"about":[{"href":"https:\/\/4room.lv\/lv\/wp-json\/wp\/v2\/types\/product"}],"wp:featuredmedia":[{"embeddable":true,"href":"https:\/\/4room.lv\/lv\/wp-json\/wp\/v2\/media\/158406"}],"wp:attachment":[{"href":"https:\/\/4room.lv\/lv\/wp-json\/wp\/v2\/media?parent=158405"}],"wp:term":[{"taxonomy":"product_cat","embeddable":true,"href":"https:\/\/4room.lv\/lv\/wp-json\/wp\/v2\/product_cat?post=158405"},{"taxonomy":"product_tag","embeddable":true,"href":"https:\/\/4room.lv\/lv\/wp-json\/wp\/v2\/product_tag?post=158405"}],"curies":[{"name":"wp","href":"https:\/\/api.w.org\/{rel}","templated":true}]}}