{"id":158412,"date":"2025-06-02T17:38:13","date_gmt":"2025-06-02T14:38:13","guid":{"rendered":"https:\/\/4room.lv\/?post_type=product&#038;p=158412"},"modified":"2025-06-02T17:38:13","modified_gmt":"2025-06-02T14:38:13","slug":"ceiling-lamp-fad","status":"publish","type":"product","link":"https:\/\/4room.lv\/lv\/veikals\/apgaismojums\/dekorativais\/ceiling-lamp-fad\/","title":{"rendered":"Ceiling lamp Fad"},"content":{"rendered":"","protected":false},"excerpt":{"rendered":"<p>Funkcion\u0101ls griestu Led gaismeklis. Tam ir rot\u0113jo\u0161as k\u0101jas un Led, kas nodro\u0161ina to, ka varoiet pan\u0101kt sev v\u0113lamo izvietojumu un gaismas virzienu. M\u016bsdien\u012bgais un ask\u0113tiskais dizains uzreiz padar\u012bs telpu modern\u0101ku.<\/p>\n","protected":false},"featured_media":158413,"template":"","meta":[],"product_cat":[127,147],"product_tag":[],"class_list":{"0":"post-158412","1":"product","2":"type-product","3":"status-publish","4":"has-post-thumbnail","6":"product_brand-maytoni","7":"product_cat-apgaismojums","8":"product_cat-dekorativais","10":"first","11":"instock","12":"shipping-taxable","13":"purchasable","14":"product-type-simple"},"_links":{"self":[{"href":"https:\/\/4room.lv\/lv\/wp-json\/wp\/v2\/product\/158412","targetHints":{"allow":["GET"]}}],"collection":[{"href":"https:\/\/4room.lv\/lv\/wp-json\/wp\/v2\/product"}],"about":[{"href":"https:\/\/4room.lv\/lv\/wp-json\/wp\/v2\/types\/product"}],"wp:featuredmedia":[{"embeddable":true,"href":"https:\/\/4room.lv\/lv\/wp-json\/wp\/v2\/media\/158413"}],"wp:attachment":[{"href":"https:\/\/4room.lv\/lv\/wp-json\/wp\/v2\/media?parent=158412"}],"wp:term":[{"taxonomy":"product_cat","embeddable":true,"href":"https:\/\/4room.lv\/lv\/wp-json\/wp\/v2\/product_cat?post=158412"},{"taxonomy":"product_tag","embeddable":true,"href":"https:\/\/4room.lv\/lv\/wp-json\/wp\/v2\/product_tag?post=158412"}],"curies":[{"name":"wp","href":"https:\/\/api.w.org\/{rel}","templated":true}]}}