{"id":158422,"date":"2025-06-02T17:58:32","date_gmt":"2025-06-02T14:58:32","guid":{"rendered":"https:\/\/4room.lv\/?post_type=product&#038;p=158422"},"modified":"2025-12-28T19:18:58","modified_gmt":"2025-12-28T17:18:58","slug":"office-chair-albert-kuip-green","status":"publish","type":"product","link":"https:\/\/4room.lv\/lv\/veikals\/biroja-mebeles\/biroja-kresli\/office-chair-albert-kuip-green\/","title":{"rendered":"Office chair Albert Kuip green"},"content":{"rendered":"","protected":false},"excerpt":{"rendered":"<p>\u0160is kr\u0113sls ir ne tikai praktisks, bet ar\u012b pievilc\u012bgs dizain\u0101. Tam ir iztur\u012bga s\u0113\u017eas d\u0101\u013ca, kas apvilkta ar iztur\u012bgu s\u016bnu za\u013cu audumu. Uz met\u0101la k\u0101jas ar g\u0101zes atsperi, groz\u0101s un ripo ar melniem riten\u012b\u0161iem. Lielisks m\u0101jas ofisam, tacu pateicoties augtsajai iztur\u012bbai, b\u016bs laba izvele ar\u012b publisk\u0101m telp\u0101m un bie\u017eai lieto\u0161anai.<\/p>\n","protected":false},"featured_media":158423,"template":"","meta":[],"product_cat":[131,339,337,129,144],"product_tag":[],"class_list":{"0":"post-158422","1":"product","2":"type-product","3":"status-publish","4":"has-post-thumbnail","6":"product_brand-dutch-bone","7":"product_brand-white-label-living","8":"product_brand-zuiver","9":"product_cat-biroja-mebeles","10":"product_cat-apmekletaju-kresli","11":"product_cat-biroja-kresli","12":"product_cat-mebeles","13":"product_cat-kresli","15":"first","16":"instock","17":"shipping-taxable","18":"purchasable","19":"product-type-simple","20":"hongo-alternate-image-wrap"},"_links":{"self":[{"href":"https:\/\/4room.lv\/lv\/wp-json\/wp\/v2\/product\/158422","targetHints":{"allow":["GET"]}}],"collection":[{"href":"https:\/\/4room.lv\/lv\/wp-json\/wp\/v2\/product"}],"about":[{"href":"https:\/\/4room.lv\/lv\/wp-json\/wp\/v2\/types\/product"}],"wp:featuredmedia":[{"embeddable":true,"href":"https:\/\/4room.lv\/lv\/wp-json\/wp\/v2\/media\/158423"}],"wp:attachment":[{"href":"https:\/\/4room.lv\/lv\/wp-json\/wp\/v2\/media?parent=158422"}],"wp:term":[{"taxonomy":"product_cat","embeddable":true,"href":"https:\/\/4room.lv\/lv\/wp-json\/wp\/v2\/product_cat?post=158422"},{"taxonomy":"product_tag","embeddable":true,"href":"https:\/\/4room.lv\/lv\/wp-json\/wp\/v2\/product_tag?post=158422"}],"curies":[{"name":"wp","href":"https:\/\/api.w.org\/{rel}","templated":true}]}}