{"id":158441,"date":"2025-06-03T10:27:50","date_gmt":"2025-06-03T07:27:50","guid":{"rendered":"https:\/\/4room.lv\/?post_type=product&#038;p=158441"},"modified":"2025-06-03T10:27:51","modified_gmt":"2025-06-03T07:27:51","slug":"wall-lamp-papillon-xs-taupe-ekspozicijas-modelis","status":"publish","type":"product","link":"https:\/\/4room.lv\/lv\/veikals\/apgaismojums\/dekorativais\/wall-lamp-papillon-xs-taupe-ekspozicijas-modelis\/","title":{"rendered":"Wall lamp Papillon xs taupe (ekspoz\u012bcijas modelis)"},"content":{"rendered":"","protected":false},"excerpt":{"rendered":"<p>SKaist\u0101 Pappilon s\u0113rija ar gais\u012bgajiem met\u0101la vol\u0101niem ir iecien\u012bta jau daudzus gadus. Ja v\u0113laties interesantu un dekorat\u012bvu sienas gaismeklis, tad \u0161\u012b iesp\u0113jams b\u016bs\u012bst\u0101. Ar met\u0101la plaukti\u0146u, ko izgaismo gaismeklis, met\u0101lisk\u0101 taupes ton\u012b, kas ir \u0113rts toni, jo labi sadz\u012bvo ar daz\u0101d\u0101m kr\u0101sam.<\/p>\n<p>Modelis ir no ekspoz\u012bcijas vien\u0101 eksempl\u0101ra. Protams, variet pas\u016bt\u012bt ar\u012b jaunu, par to sazinoties ar mums. S\u0113rij\u0101 ir da\u017e\u0101di mode\u013ci, to\u0146i.<\/p>\n","protected":false},"featured_media":158445,"template":"","meta":[],"product_cat":[1058,127,147],"product_tag":[],"class_list":{"0":"post-158441","1":"product","2":"type-product","3":"status-publish","4":"has-post-thumbnail","6":"product_brand-forestier","7":"product_cat-dizaina","8":"product_cat-apgaismojums","9":"product_cat-dekorativais","11":"first","12":"instock","13":"sale","14":"shipping-taxable","15":"purchasable","16":"product-type-simple"},"_links":{"self":[{"href":"https:\/\/4room.lv\/lv\/wp-json\/wp\/v2\/product\/158441","targetHints":{"allow":["GET"]}}],"collection":[{"href":"https:\/\/4room.lv\/lv\/wp-json\/wp\/v2\/product"}],"about":[{"href":"https:\/\/4room.lv\/lv\/wp-json\/wp\/v2\/types\/product"}],"wp:featuredmedia":[{"embeddable":true,"href":"https:\/\/4room.lv\/lv\/wp-json\/wp\/v2\/media\/158445"}],"wp:attachment":[{"href":"https:\/\/4room.lv\/lv\/wp-json\/wp\/v2\/media?parent=158441"}],"wp:term":[{"taxonomy":"product_cat","embeddable":true,"href":"https:\/\/4room.lv\/lv\/wp-json\/wp\/v2\/product_cat?post=158441"},{"taxonomy":"product_tag","embeddable":true,"href":"https:\/\/4room.lv\/lv\/wp-json\/wp\/v2\/product_tag?post=158441"}],"curies":[{"name":"wp","href":"https:\/\/api.w.org\/{rel}","templated":true}]}}