{"id":158448,"date":"2025-06-03T10:54:57","date_gmt":"2025-06-03T07:54:57","guid":{"rendered":"https:\/\/4room.lv\/?post_type=product&#038;p=158448"},"modified":"2025-06-03T10:54:57","modified_gmt":"2025-06-03T07:54:57","slug":"ycro-4xspot","status":"publish","type":"product","link":"https:\/\/4room.lv\/lv\/veikals\/apgaismojums\/dekorativais\/ycro-4xspot\/","title":{"rendered":"Ycro 4xspot"},"content":{"rendered":"","protected":false},"excerpt":{"rendered":"<p>Dekorat\u012bvi griestu spoti uz melnas b\u0101zes un 4gab misi\u0146a Led spotiem. Tie ir \u0161auri un ar skaistu grav\u0113jumu, kas b\u016bs dizainisks akcents, padarot Ycro par vizu\u0101li pievilc\u012bg\u0101ku risin\u0101jumu sal\u012bdzin\u0101jum\u0101 ar citiem spotveida gaismek\u013ciem.<\/p>\n<p>Pieejams ar\u012b viscaur meln\u0101 kr\u0101s\u0101.<\/p>\n","protected":false},"featured_media":158461,"template":"","meta":[],"product_cat":[1058,127,148,147],"product_tag":[],"class_list":{"0":"post-158448","1":"product","2":"type-product","3":"status-publish","4":"has-post-thumbnail","6":"product_brand-aromas-del-campo","7":"product_cat-dizaina","8":"product_cat-apgaismojums","9":"product_cat-arhitekturalais","10":"product_cat-dekorativais","12":"first","13":"instock","14":"shipping-taxable","15":"purchasable","16":"product-type-simple","17":"hongo-alternate-image-wrap"},"_links":{"self":[{"href":"https:\/\/4room.lv\/lv\/wp-json\/wp\/v2\/product\/158448","targetHints":{"allow":["GET"]}}],"collection":[{"href":"https:\/\/4room.lv\/lv\/wp-json\/wp\/v2\/product"}],"about":[{"href":"https:\/\/4room.lv\/lv\/wp-json\/wp\/v2\/types\/product"}],"wp:featuredmedia":[{"embeddable":true,"href":"https:\/\/4room.lv\/lv\/wp-json\/wp\/v2\/media\/158461"}],"wp:attachment":[{"href":"https:\/\/4room.lv\/lv\/wp-json\/wp\/v2\/media?parent=158448"}],"wp:term":[{"taxonomy":"product_cat","embeddable":true,"href":"https:\/\/4room.lv\/lv\/wp-json\/wp\/v2\/product_cat?post=158448"},{"taxonomy":"product_tag","embeddable":true,"href":"https:\/\/4room.lv\/lv\/wp-json\/wp\/v2\/product_tag?post=158448"}],"curies":[{"name":"wp","href":"https:\/\/api.w.org\/{rel}","templated":true}]}}