{"id":158464,"date":"2025-06-03T12:48:41","date_gmt":"2025-06-03T09:48:41","guid":{"rendered":"https:\/\/4room.lv\/?post_type=product&#038;p=158464"},"modified":"2025-06-03T12:48:41","modified_gmt":"2025-06-03T09:48:41","slug":"metrica-lamp-matt-gold","status":"publish","type":"product","link":"https:\/\/4room.lv\/lv\/veikals\/apgaismojums\/dekorativais\/metrica-lamp-matt-gold\/","title":{"rendered":"Metrica lamp matt gold"},"content":{"rendered":"","protected":false},"excerpt":{"rendered":"<p>Jauns unikala dizaina gaismeklis no MOgg Metrica s\u0113rijas. Abstrakta met\u0101la konstrukcija caur kuru vij\u0101s silikona Led, kas dod gaismu uz vis\u0101m pus\u0113m. Pieejama zelta apdar\u0113, k\u0101 ar\u012b tum\u0161aja bronz\u0101. Gaismeklim ir 2,5m gar\u0161 kabelis, l\u012bdz ar to b\u016bs piem\u0113rota a\u0157\u012b augstiem griestiem. Labi izskat\u012bsies pa vienai, bet \u012bpa\u0161u efektu var pan\u0101kt iekarot vair\u0101kus gaismek\u013cus skaista kompoz\u012bcija.<\/p>\n<p>&nbsp;<\/p>\n","protected":false},"featured_media":158474,"template":"","meta":[],"product_cat":[1058,127,147],"product_tag":[],"class_list":{"0":"post-158464","1":"product","2":"type-product","3":"status-publish","4":"has-post-thumbnail","6":"product_brand-mogg","7":"product_cat-dizaina","8":"product_cat-apgaismojums","9":"product_cat-dekorativais","11":"first","12":"instock","13":"shipping-taxable","14":"purchasable","15":"product-type-simple","16":"hongo-alternate-image-wrap"},"_links":{"self":[{"href":"https:\/\/4room.lv\/lv\/wp-json\/wp\/v2\/product\/158464","targetHints":{"allow":["GET"]}}],"collection":[{"href":"https:\/\/4room.lv\/lv\/wp-json\/wp\/v2\/product"}],"about":[{"href":"https:\/\/4room.lv\/lv\/wp-json\/wp\/v2\/types\/product"}],"wp:featuredmedia":[{"embeddable":true,"href":"https:\/\/4room.lv\/lv\/wp-json\/wp\/v2\/media\/158474"}],"wp:attachment":[{"href":"https:\/\/4room.lv\/lv\/wp-json\/wp\/v2\/media?parent=158464"}],"wp:term":[{"taxonomy":"product_cat","embeddable":true,"href":"https:\/\/4room.lv\/lv\/wp-json\/wp\/v2\/product_cat?post=158464"},{"taxonomy":"product_tag","embeddable":true,"href":"https:\/\/4room.lv\/lv\/wp-json\/wp\/v2\/product_tag?post=158464"}],"curies":[{"name":"wp","href":"https:\/\/api.w.org\/{rel}","templated":true}]}}