{"id":158477,"date":"2025-06-03T13:20:57","date_gmt":"2025-06-03T10:20:57","guid":{"rendered":"https:\/\/4room.lv\/?post_type=product&#038;p=158477"},"modified":"2025-06-03T13:27:53","modified_gmt":"2025-06-03T10:27:53","slug":"toila-wall","status":"publish","type":"product","link":"https:\/\/4room.lv\/lv\/veikals\/apgaismojums\/dekorativais\/toila-wall\/","title":{"rendered":"Toila wall"},"content":{"rendered":"","protected":false},"excerpt":{"rendered":"<p>M\u016bsdien\u012bgs gaismeklis, kas stirpin\u0101ms gan pie sienas, gan pie griestiem. Melna met\u0101la b\u0101ze, uz kura ir ar\u012b sl\u0113dzis \u0113rtai iesl\u0113g\u0161naai. Konkr\u0113tajam\u00a0 ir pel\u0113ks sat\u012bna aba\u017e\u016brs, neitral\u0101 ton\u012b, kas piest\u0101v\u0113s visam. Sat\u012bns skaisti atsp\u012bd gaism\u0101 un veido pat\u012bkamu to\u0146u sp\u0113li. Ja nepiecie\u0161ams ir iesp\u0113ja pas\u016bt\u012bt ar vadu rozetei, standart\u0101 n\u0101k bez.<\/p>\n<p>T\u0101 k\u0101 gaismek\u013ci tiek ra\u017eoti p\u0113c pas\u016bt\u012bjuma, tad variet izvel\u0113ties citu stiprin\u0101juma un aba\u017e\u016bra toni, no \u013coti pla\u0161a kl\u0101sta. Paraugus variet apl\u016bkot pie mums salon\u0101.<\/p>\n","protected":false},"featured_media":158490,"template":"","meta":[],"product_cat":[1058,127,147],"product_tag":[],"class_list":{"0":"post-158477","1":"product","2":"type-product","3":"status-publish","4":"has-post-thumbnail","6":"product_brand-4room","7":"product_cat-dizaina","8":"product_cat-apgaismojums","9":"product_cat-dekorativais","11":"first","12":"instock","13":"shipping-taxable","14":"purchasable","15":"product-type-simple","16":"hongo-alternate-image-wrap"},"_links":{"self":[{"href":"https:\/\/4room.lv\/lv\/wp-json\/wp\/v2\/product\/158477","targetHints":{"allow":["GET"]}}],"collection":[{"href":"https:\/\/4room.lv\/lv\/wp-json\/wp\/v2\/product"}],"about":[{"href":"https:\/\/4room.lv\/lv\/wp-json\/wp\/v2\/types\/product"}],"wp:featuredmedia":[{"embeddable":true,"href":"https:\/\/4room.lv\/lv\/wp-json\/wp\/v2\/media\/158490"}],"wp:attachment":[{"href":"https:\/\/4room.lv\/lv\/wp-json\/wp\/v2\/media?parent=158477"}],"wp:term":[{"taxonomy":"product_cat","embeddable":true,"href":"https:\/\/4room.lv\/lv\/wp-json\/wp\/v2\/product_cat?post=158477"},{"taxonomy":"product_tag","embeddable":true,"href":"https:\/\/4room.lv\/lv\/wp-json\/wp\/v2\/product_tag?post=158477"}],"curies":[{"name":"wp","href":"https:\/\/api.w.org\/{rel}","templated":true}]}}