{"id":158499,"date":"2025-06-03T14:03:36","date_gmt":"2025-06-03T11:03:36","guid":{"rendered":"https:\/\/4room.lv\/?post_type=product&#038;p=158499"},"modified":"2025-06-03T14:04:26","modified_gmt":"2025-06-03T11:04:26","slug":"mirano-portable-table-lamp-beige","status":"publish","type":"product","link":"https:\/\/4room.lv\/lv\/veikals\/apgaismojums\/dekorativais\/mirano-portable-table-lamp-beige\/","title":{"rendered":"Mirano portable Table lamp Beige"},"content":{"rendered":"","protected":false},"excerpt":{"rendered":"<p>Uzl\u0101d\u0113jams dekorat\u012bvs galda agismeklis. Eleganta versija klasiskam lukturim, kur rievotaj\u0101 stikl\u0101 sl\u0113pjas Led, kas to pat\u012bkami izgaismo. B\u0113\u0161s metala korpuss un zel\u012bts rokturis. Apgaismojumam ir tr\u012bs intensit\u0101tes re\u017e\u012bmi. Gaismeklis uzl\u0101d\u0113jams ar USB-C kabeli. \u0160o gaismekli var\u0113siet novietot un iesl\u0113gt jebkur, neuztraucoties par rozet\u0113m un liekiem vadiem, radot m\u0101j\u012bgu un est\u0113tisku atmosf\u0113ru telp\u0101.<\/p>\n","protected":false},"featured_media":158500,"template":"","meta":[],"product_cat":[127,147],"product_tag":[],"class_list":{"0":"post-158499","1":"product","2":"type-product","3":"status-publish","4":"has-post-thumbnail","6":"product_brand-nordlux","7":"product_cat-apgaismojums","8":"product_cat-dekorativais","10":"first","11":"instock","12":"shipping-taxable","13":"purchasable","14":"product-type-simple","15":"hongo-alternate-image-wrap"},"_links":{"self":[{"href":"https:\/\/4room.lv\/lv\/wp-json\/wp\/v2\/product\/158499","targetHints":{"allow":["GET"]}}],"collection":[{"href":"https:\/\/4room.lv\/lv\/wp-json\/wp\/v2\/product"}],"about":[{"href":"https:\/\/4room.lv\/lv\/wp-json\/wp\/v2\/types\/product"}],"wp:featuredmedia":[{"embeddable":true,"href":"https:\/\/4room.lv\/lv\/wp-json\/wp\/v2\/media\/158500"}],"wp:attachment":[{"href":"https:\/\/4room.lv\/lv\/wp-json\/wp\/v2\/media?parent=158499"}],"wp:term":[{"taxonomy":"product_cat","embeddable":true,"href":"https:\/\/4room.lv\/lv\/wp-json\/wp\/v2\/product_cat?post=158499"},{"taxonomy":"product_tag","embeddable":true,"href":"https:\/\/4room.lv\/lv\/wp-json\/wp\/v2\/product_tag?post=158499"}],"curies":[{"name":"wp","href":"https:\/\/api.w.org\/{rel}","templated":true}]}}