{"id":158509,"date":"2025-06-03T14:47:09","date_gmt":"2025-06-03T11:47:09","guid":{"rendered":"https:\/\/4room.lv\/?post_type=product&#038;p=158509"},"modified":"2025-06-03T14:47:09","modified_gmt":"2025-06-03T11:47:09","slug":"2x10w-retro-surface-wall-and-ceiling-spot","status":"publish","type":"product","link":"https:\/\/4room.lv\/lv\/veikals\/apgaismojums\/dekorativais\/2x10w-retro-surface-wall-and-ceiling-spot\/","title":{"rendered":"2x10W Retro surface wall and ceiling spot"},"content":{"rendered":"","protected":false},"excerpt":{"rendered":"<p>Gaismeklis ar 2gab GU10 cokola spotiem. Stiprinams gan pie griestiem, gan sienas. B\u0101ze ir melna, bet pasi spoti ir simp\u0101tisk\u0101 graf\u012bta pel\u0113k\u0101 met\u0101la ton\u012b. Spuldzes ir paddzi\u013cin\u0101ti, l\u012bdz ar to gaismeklis ne\u017eilbin\u0101s un gaisma b\u016bs straveida. Spuldzes variet izv\u0113l\u0113ties p\u0113c ieskatiem.<\/p>\n<p>Kolekciij\u0101 ir vair\u0101kas versijas gaismek\u013ciem, gan pa vienam, gan vairak spotiem, k\u0101 ar\u012b da\u017e\u0101dos to\u0146os.<\/p>\n","protected":false},"featured_media":158510,"template":"","meta":[],"product_cat":[127,148,147],"product_tag":[],"class_list":{"0":"post-158509","1":"product","2":"type-product","3":"status-publish","4":"has-post-thumbnail","6":"product_brand-onelight","7":"product_cat-apgaismojums","8":"product_cat-arhitekturalais","9":"product_cat-dekorativais","11":"first","12":"instock","13":"shipping-taxable","14":"purchasable","15":"product-type-simple"},"_links":{"self":[{"href":"https:\/\/4room.lv\/lv\/wp-json\/wp\/v2\/product\/158509","targetHints":{"allow":["GET"]}}],"collection":[{"href":"https:\/\/4room.lv\/lv\/wp-json\/wp\/v2\/product"}],"about":[{"href":"https:\/\/4room.lv\/lv\/wp-json\/wp\/v2\/types\/product"}],"wp:featuredmedia":[{"embeddable":true,"href":"https:\/\/4room.lv\/lv\/wp-json\/wp\/v2\/media\/158510"}],"wp:attachment":[{"href":"https:\/\/4room.lv\/lv\/wp-json\/wp\/v2\/media?parent=158509"}],"wp:term":[{"taxonomy":"product_cat","embeddable":true,"href":"https:\/\/4room.lv\/lv\/wp-json\/wp\/v2\/product_cat?post=158509"},{"taxonomy":"product_tag","embeddable":true,"href":"https:\/\/4room.lv\/lv\/wp-json\/wp\/v2\/product_tag?post=158509"}],"curies":[{"name":"wp","href":"https:\/\/api.w.org\/{rel}","templated":true}]}}