{"id":158516,"date":"2025-06-03T15:21:46","date_gmt":"2025-06-03T12:21:46","guid":{"rendered":"https:\/\/4room.lv\/?post_type=product&#038;p=158516"},"modified":"2025-06-03T15:21:46","modified_gmt":"2025-06-03T12:21:46","slug":"mokka-swivel-lilac-yellow","status":"publish","type":"product","link":"https:\/\/4room.lv\/lv\/veikals\/biroja-mebeles\/apmekletaju-kresli\/mokka-swivel-lilac-yellow\/","title":{"rendered":"Mokka swivel Lilac yellow"},"content":{"rendered":"","protected":false},"excerpt":{"rendered":"<p>Pied\u0101v\u0101jot pufa daudzpus\u012bbu, bet apr\u012bkotu ar profil\u0113tu atzveltni \u0113rtai s\u0113d\u0113\u0161anai, Mokka pilda daudzas funkcijas. \u0112rtais izm\u0113rs noz\u012bm\u0113, ka to ir viegli p\u0101rvietot uz jebkuru vietu, kur j\u016btat nepiecie\u0161am\u012bbu p\u0113c papildus s\u0113dvietas vai vienk\u0101r\u0161i stil\u012bga dizaina papildin\u0101juma. Kr\u0113sls ir uz rot\u0113jo\u0161\u0101s b\u0101zes, lai izmanto\u0161ana ir \u0113rta ne tikai maj\u0101s, bet a\u0157\u012b publisk\u0101s telp\u0101s klientiem.<\/p>\n<p>Konkr\u0113tais kr\u0113sls b\u016bs maig\u0101 audum\u0101, kas ir br\u016bngan dzelten\u0101 ton\u012b. Labi sakan\u0113s ar zemes un natur\u0101lajiem to\u0146iem, bet tik pat labi piezem\u0113s ko\u0161us to\u0146us interjer\u0101.<\/p>\n<p>Kr\u0113sls tiek ra\u017eots p\u0113c pas\u016bt\u012bjuma, l\u012bdz ar to ir iesp\u0113ja izvel\u0113ties apdari no pla\u0161a audumu un \u0101du kl\u0101sta.<\/p>\n<p>&nbsp;<\/p>\n","protected":false},"featured_media":158517,"template":"","meta":[],"product_cat":[131,339,129,144],"product_tag":[],"class_list":{"0":"post-158516","1":"product","2":"type-product","3":"status-publish","4":"has-post-thumbnail","6":"product_brand-sits","7":"product_cat-biroja-mebeles","8":"product_cat-apmekletaju-kresli","9":"product_cat-mebeles","10":"product_cat-kresli","12":"first","13":"instock","14":"shipping-taxable","15":"purchasable","16":"product-type-simple","17":"hongo-alternate-image-wrap"},"_links":{"self":[{"href":"https:\/\/4room.lv\/lv\/wp-json\/wp\/v2\/product\/158516","targetHints":{"allow":["GET"]}}],"collection":[{"href":"https:\/\/4room.lv\/lv\/wp-json\/wp\/v2\/product"}],"about":[{"href":"https:\/\/4room.lv\/lv\/wp-json\/wp\/v2\/types\/product"}],"wp:featuredmedia":[{"embeddable":true,"href":"https:\/\/4room.lv\/lv\/wp-json\/wp\/v2\/media\/158517"}],"wp:attachment":[{"href":"https:\/\/4room.lv\/lv\/wp-json\/wp\/v2\/media?parent=158516"}],"wp:term":[{"taxonomy":"product_cat","embeddable":true,"href":"https:\/\/4room.lv\/lv\/wp-json\/wp\/v2\/product_cat?post=158516"},{"taxonomy":"product_tag","embeddable":true,"href":"https:\/\/4room.lv\/lv\/wp-json\/wp\/v2\/product_tag?post=158516"}],"curies":[{"name":"wp","href":"https:\/\/api.w.org\/{rel}","templated":true}]}}