{"id":158526,"date":"2025-06-03T15:30:09","date_gmt":"2025-06-03T12:30:09","guid":{"rendered":"https:\/\/4room.lv\/?post_type=product&#038;p=158526"},"modified":"2025-06-03T17:07:12","modified_gmt":"2025-06-03T14:07:12","slug":"ceiling-wall-light-metal-glass-anodised-grey","status":"publish","type":"product","link":"https:\/\/4room.lv\/lv\/veikals\/apgaismojums\/dekorativais\/ceiling-wall-light-metal-glass-anodised-grey\/","title":{"rendered":"CEILING\/WALL LIGHT metal-glass anodised grey"},"content":{"rendered":"","protected":false},"excerpt":{"rendered":"<p>Elegants siens\/griestu gaismeklis tum\u0161\u0101 stikl\u0101 ar tum\u0161i pel\u0113ka met\u0101la b\u0101zi. Iek\u0161\u0101 liekas E27 spuldze, kuru m\u0113s ieteiktu likt nelielu. Gaisma skaisti atstarojas caur rievoto stikla kupolu, radot dekorat\u012bvu rakstu uz sienas.<\/p>\n","protected":false},"featured_media":158536,"template":"","meta":[],"product_cat":[127,147],"product_tag":[],"class_list":{"0":"post-158526","1":"product","2":"type-product","3":"status-publish","4":"has-post-thumbnail","6":"product_brand-zambelis","7":"product_cat-apgaismojums","8":"product_cat-dekorativais","10":"first","11":"instock","12":"shipping-taxable","13":"purchasable","14":"product-type-simple","15":"hongo-alternate-image-wrap"},"_links":{"self":[{"href":"https:\/\/4room.lv\/lv\/wp-json\/wp\/v2\/product\/158526","targetHints":{"allow":["GET"]}}],"collection":[{"href":"https:\/\/4room.lv\/lv\/wp-json\/wp\/v2\/product"}],"about":[{"href":"https:\/\/4room.lv\/lv\/wp-json\/wp\/v2\/types\/product"}],"wp:featuredmedia":[{"embeddable":true,"href":"https:\/\/4room.lv\/lv\/wp-json\/wp\/v2\/media\/158536"}],"wp:attachment":[{"href":"https:\/\/4room.lv\/lv\/wp-json\/wp\/v2\/media?parent=158526"}],"wp:term":[{"taxonomy":"product_cat","embeddable":true,"href":"https:\/\/4room.lv\/lv\/wp-json\/wp\/v2\/product_cat?post=158526"},{"taxonomy":"product_tag","embeddable":true,"href":"https:\/\/4room.lv\/lv\/wp-json\/wp\/v2\/product_tag?post=158526"}],"curies":[{"name":"wp","href":"https:\/\/api.w.org\/{rel}","templated":true}]}}