{"id":158552,"date":"2025-06-03T16:21:34","date_gmt":"2025-06-03T13:21:34","guid":{"rendered":"https:\/\/4room.lv\/?post_type=product&#038;p=158552"},"modified":"2025-06-03T16:21:42","modified_gmt":"2025-06-03T13:21:42","slug":"vertigo-l-cobalt-blue","status":"publish","type":"product","link":"https:\/\/4room.lv\/lv\/veikals\/apgaismojums\/dekorativais\/vertigo-l-cobalt-blue\/","title":{"rendered":"Vertigo large cobalt blue"},"content":{"rendered":"","protected":false},"excerpt":{"rendered":"<p>Gaismeklis Vertigo, ko rad\u012bja Constance Guisset priek\u0161 Petite Friture ir fran\u010du dizaina ikona, kas iekarojusi visu pasauli.\u00a0 Gais\u012bgais un vieglas gaismeklis ir liels diametr\u0101, ta\u010du nerada smagn\u0113ju efektu telp\u0101. Gaismek\u013ca lentas rada \u0113nas sp\u0113les uz griestiem, un t\u0101s ir tik vieglas, ka no atv\u0113rta loga pl\u016bsto\u0161ais gaiss gaismekli viegli ie\u0161\u016bpos, piedodot \u012bpa\u0161u efektu ar dejojo\u0161\u0101m \u0113n\u0101m. Ko\u0161ais kobaltzilais tonis padar\u012bs \u0161o gaismeklis par centr\u0101lo dizaina objektu, kas neatst\u0101s vienaldz\u012bgu!<\/p>\n<p>Tam ir viena spuldze, kuru variet izv\u0113l\u0113ties vai nu spo\u017eu izgaismojumam vai dekorat\u012bvu pievienotam dizainam.<\/p>\n<p>Gaismeklis pieejams ar\u012b citos to\u0146os un izm\u0113ros. Par to variet jaut\u0101t mums.<\/p>\n","protected":false},"featured_media":158553,"template":"","meta":[],"product_cat":[1058,127,147],"product_tag":[],"class_list":{"0":"post-158552","1":"product","2":"type-product","3":"status-publish","4":"has-post-thumbnail","6":"product_brand-petite-friture","7":"product_cat-dizaina","8":"product_cat-apgaismojums","9":"product_cat-dekorativais","11":"first","12":"instock","13":"shipping-taxable","14":"purchasable","15":"product-type-simple","16":"hongo-alternate-image-wrap"},"_links":{"self":[{"href":"https:\/\/4room.lv\/lv\/wp-json\/wp\/v2\/product\/158552","targetHints":{"allow":["GET"]}}],"collection":[{"href":"https:\/\/4room.lv\/lv\/wp-json\/wp\/v2\/product"}],"about":[{"href":"https:\/\/4room.lv\/lv\/wp-json\/wp\/v2\/types\/product"}],"wp:featuredmedia":[{"embeddable":true,"href":"https:\/\/4room.lv\/lv\/wp-json\/wp\/v2\/media\/158553"}],"wp:attachment":[{"href":"https:\/\/4room.lv\/lv\/wp-json\/wp\/v2\/media?parent=158552"}],"wp:term":[{"taxonomy":"product_cat","embeddable":true,"href":"https:\/\/4room.lv\/lv\/wp-json\/wp\/v2\/product_cat?post=158552"},{"taxonomy":"product_tag","embeddable":true,"href":"https:\/\/4room.lv\/lv\/wp-json\/wp\/v2\/product_tag?post=158552"}],"curies":[{"name":"wp","href":"https:\/\/api.w.org\/{rel}","templated":true}]}}