{"id":158578,"date":"2025-06-03T16:59:04","date_gmt":"2025-06-03T13:59:04","guid":{"rendered":"https:\/\/4room.lv\/?post_type=product&#038;p=158578"},"modified":"2025-06-03T16:59:04","modified_gmt":"2025-06-03T13:59:04","slug":"toila-floor-black","status":"publish","type":"product","link":"https:\/\/4room.lv\/lv\/veikals\/apgaismojums\/dekorativais\/toila-floor-black\/","title":{"rendered":"Toila floor black"},"content":{"rendered":"","protected":false},"excerpt":{"rendered":"<p>Funkcion\u0101la st\u0101vlampa m\u016bsdien\u012bg\u0101 izpild\u012bjum\u0101. Tam ir divi gaismas avoti, viens lielaj\u0101 aba\u017e\u016br\u0101 pamatgaismai un otrs mazaj\u0101 las\u012b\u0161anai. Katr\u0101 iet E27 spuldze, l\u012bdz ar to var pan\u0101kt labu apgaismojumu, ko b\u016bs viegli piel\u0101got sav\u0101m v\u0113lm\u0113m. Sl\u0113d\u017ei gaismas iesl\u0113g\u0161anai\/izsl\u0113g\u0161anai atrodas \u0113rti pie spuldzes patronas. L\u012bdz ar to gaismu iesl\u0113gt un izsl\u0113gt ir paroc\u012bgi s\u0113\u017eot pie gaismek\u013ca. V\u0113lviena p\u0101rdom\u0101ta funkcija gaismeklim ir t\u0101, ka gaismek\u013ca vadu var apt\u012bt ap gaismek\u013ca p\u0113du, radot maz\u0101ku vizu\u0101lo nek\u0101rt\u012bbu uz gr\u012bdas.<\/p>\n<p>Konkr\u0113tajam agismeklim ir melna metala k\u0101ja un melna auduma aba\u017e\u016bri ar baltu iek\u0161pusi. Tum\u0161ais aba\u017e\u016brs aiztur\u0113s gaismu, radot pat\u012bkamu un neuzb\u0101z\u012bgu apgaismojumu.<\/p>\n<p>Gaismeklis tiek ra\u017eots p\u0113c pas\u016bt\u012bjuma, l\u012bdz ar to met\u0101la un aba\u017e\u016bra to\u0146us var izv\u0113l\u0113ties a\u0157\u012b citus no pla\u0161a kl\u0101sta. Paraugi apskat\u0101mi pie mums salon\u0101.<\/p>\n","protected":false},"featured_media":158580,"template":"","meta":[],"product_cat":[1058,127,147],"product_tag":[],"class_list":{"0":"post-158578","1":"product","2":"type-product","3":"status-publish","4":"has-post-thumbnail","6":"product_brand-4room","7":"product_cat-dizaina","8":"product_cat-apgaismojums","9":"product_cat-dekorativais","11":"first","12":"instock","13":"shipping-taxable","14":"purchasable","15":"product-type-simple"},"_links":{"self":[{"href":"https:\/\/4room.lv\/lv\/wp-json\/wp\/v2\/product\/158578","targetHints":{"allow":["GET"]}}],"collection":[{"href":"https:\/\/4room.lv\/lv\/wp-json\/wp\/v2\/product"}],"about":[{"href":"https:\/\/4room.lv\/lv\/wp-json\/wp\/v2\/types\/product"}],"wp:featuredmedia":[{"embeddable":true,"href":"https:\/\/4room.lv\/lv\/wp-json\/wp\/v2\/media\/158580"}],"wp:attachment":[{"href":"https:\/\/4room.lv\/lv\/wp-json\/wp\/v2\/media?parent=158578"}],"wp:term":[{"taxonomy":"product_cat","embeddable":true,"href":"https:\/\/4room.lv\/lv\/wp-json\/wp\/v2\/product_cat?post=158578"},{"taxonomy":"product_tag","embeddable":true,"href":"https:\/\/4room.lv\/lv\/wp-json\/wp\/v2\/product_tag?post=158578"}],"curies":[{"name":"wp","href":"https:\/\/api.w.org\/{rel}","templated":true}]}}