{"id":158587,"date":"2025-06-03T17:33:32","date_gmt":"2025-06-03T14:33:32","guid":{"rendered":"https:\/\/4room.lv\/?post_type=product&#038;p=158587"},"modified":"2025-06-03T17:33:32","modified_gmt":"2025-06-03T14:33:32","slug":"dining-chair-julio-set-of-2","status":"publish","type":"product","link":"https:\/\/4room.lv\/lv\/veikals\/mebeles\/kresli\/dining-chair-julio-set-of-2\/","title":{"rendered":"Dining Chair Julio set of 2"},"content":{"rendered":"","protected":false},"excerpt":{"rendered":"<p>Eleganti \u0113damkr\u0113sli uz \u0161aura met\u0101la r\u0101mja, kas apvilkts ar melnbalta raksta bukl\u0113 audumu. Augstv\u0113rt\u012bgais audums rada grezn\u012bbas saj\u016btu, pies\u0137irot kr\u0113lsam izmalcin\u0101t\u012bbu.<\/p>\n<p>Kr\u0113sli n\u0101k komplekt\u0101 pa dieviem un cena nor\u0101d\u012bta par 2 gabaliem.<\/p>\n<p>&nbsp;<\/p>\n","protected":false},"featured_media":158588,"template":"","meta":[],"product_cat":[129,144],"product_tag":[],"class_list":{"0":"post-158587","1":"product","2":"type-product","3":"status-publish","4":"has-post-thumbnail","6":"product_brand-eichholtz","7":"product_cat-mebeles","8":"product_cat-kresli","10":"first","11":"instock","12":"shipping-taxable","13":"purchasable","14":"product-type-simple","15":"hongo-alternate-image-wrap"},"_links":{"self":[{"href":"https:\/\/4room.lv\/lv\/wp-json\/wp\/v2\/product\/158587","targetHints":{"allow":["GET"]}}],"collection":[{"href":"https:\/\/4room.lv\/lv\/wp-json\/wp\/v2\/product"}],"about":[{"href":"https:\/\/4room.lv\/lv\/wp-json\/wp\/v2\/types\/product"}],"wp:featuredmedia":[{"embeddable":true,"href":"https:\/\/4room.lv\/lv\/wp-json\/wp\/v2\/media\/158588"}],"wp:attachment":[{"href":"https:\/\/4room.lv\/lv\/wp-json\/wp\/v2\/media?parent=158587"}],"wp:term":[{"taxonomy":"product_cat","embeddable":true,"href":"https:\/\/4room.lv\/lv\/wp-json\/wp\/v2\/product_cat?post=158587"},{"taxonomy":"product_tag","embeddable":true,"href":"https:\/\/4room.lv\/lv\/wp-json\/wp\/v2\/product_tag?post=158587"}],"curies":[{"name":"wp","href":"https:\/\/api.w.org\/{rel}","templated":true}]}}