{"id":158636,"date":"2025-06-04T09:57:41","date_gmt":"2025-06-04T06:57:41","guid":{"rendered":"https:\/\/4room.lv\/?post_type=product&#038;p=158636"},"modified":"2026-03-14T15:33:27","modified_gmt":"2026-03-14T13:33:27","slug":"busco-3-amber","status":"publish","type":"product","link":"https:\/\/4room.lv\/lv\/veikals\/apgaismojums\/dekorativais\/busco-3-amber\/","title":{"rendered":"Busco 3 amber"},"content":{"rendered":"","protected":false},"excerpt":{"rendered":"<p>Dekorat\u012bvs gaismeklis ar 3 stikla pendantiem uz 39cm melnas b\u0101zes. Stikla kupoli ir dzintara ton\u012b ar kr\u0101saina stikla akcentiem. Katr\u0101 kupol\u0101 iet E27 spuldze, kuru var\u0113siet izv\u0113l\u0113ties p\u0113c saviem ieskatiem.<\/p>\n","protected":false},"featured_media":158637,"template":"","meta":[],"product_cat":[127,147],"product_tag":[],"class_list":{"0":"post-158636","1":"product","2":"type-product","3":"status-publish","4":"has-post-thumbnail","6":"product_brand-italux","7":"product_cat-apgaismojums","8":"product_cat-dekorativais","10":"first","11":"instock","12":"shipping-taxable","13":"purchasable","14":"product-type-simple","15":"hongo-alternate-image-wrap"},"_links":{"self":[{"href":"https:\/\/4room.lv\/lv\/wp-json\/wp\/v2\/product\/158636","targetHints":{"allow":["GET"]}}],"collection":[{"href":"https:\/\/4room.lv\/lv\/wp-json\/wp\/v2\/product"}],"about":[{"href":"https:\/\/4room.lv\/lv\/wp-json\/wp\/v2\/types\/product"}],"wp:featuredmedia":[{"embeddable":true,"href":"https:\/\/4room.lv\/lv\/wp-json\/wp\/v2\/media\/158637"}],"wp:attachment":[{"href":"https:\/\/4room.lv\/lv\/wp-json\/wp\/v2\/media?parent=158636"}],"wp:term":[{"taxonomy":"product_cat","embeddable":true,"href":"https:\/\/4room.lv\/lv\/wp-json\/wp\/v2\/product_cat?post=158636"},{"taxonomy":"product_tag","embeddable":true,"href":"https:\/\/4room.lv\/lv\/wp-json\/wp\/v2\/product_tag?post=158636"}],"curies":[{"name":"wp","href":"https:\/\/api.w.org\/{rel}","templated":true}]}}