{"id":158698,"date":"2025-06-04T11:31:12","date_gmt":"2025-06-04T08:31:12","guid":{"rendered":"https:\/\/4room.lv\/?post_type=product&#038;p=158698"},"modified":"2025-12-28T19:18:58","modified_gmt":"2025-12-28T17:18:58","slug":"floor-lamp-arc-white","status":"publish","type":"product","link":"https:\/\/4room.lv\/lv\/veikals\/apgaismojums\/dekorativais\/floor-lamp-arc-white\/","title":{"rendered":"Floor Lamp Arc White"},"content":{"rendered":"","protected":false},"excerpt":{"rendered":"<p>Arc noteikti piem\u012bt kaut kas aerodinamisks ar t\u0101s asimetrisko aba\u017e\u016bru. \u0160\u012b \u012bpa\u0161i augst\u0101, bet elegant\u0101 st\u0101vlampa piesaista uzman\u012bbu pat visneparast\u0101kajos interjeros. Tekstila aba\u017e\u016brs garant\u0113 pat\u012bkamu izklied\u0113tu gaismu. St\u0101vlampa Arc var apgaismot j\u016bsu kafijas galdi\u0146u no aug\u0161as, nekar\u0101joties no griestiem. Arc\u00a0 ir pietiekami augsta, lai liel\u0101k\u0101 da\u013ca cilv\u0113ku var\u0113tu paiet zem t\u0101s.<\/p>\n","protected":false},"featured_media":158699,"template":"","meta":[],"product_cat":[127,147],"product_tag":[],"class_list":{"0":"post-158698","1":"product","2":"type-product","3":"status-publish","4":"has-post-thumbnail","6":"product_brand-dutch-bone","7":"product_brand-white-label-living","8":"product_brand-zuiver","9":"product_cat-apgaismojums","10":"product_cat-dekorativais","12":"first","13":"instock","14":"shipping-taxable","15":"purchasable","16":"product-type-simple","17":"hongo-alternate-image-wrap"},"_links":{"self":[{"href":"https:\/\/4room.lv\/lv\/wp-json\/wp\/v2\/product\/158698","targetHints":{"allow":["GET"]}}],"collection":[{"href":"https:\/\/4room.lv\/lv\/wp-json\/wp\/v2\/product"}],"about":[{"href":"https:\/\/4room.lv\/lv\/wp-json\/wp\/v2\/types\/product"}],"wp:featuredmedia":[{"embeddable":true,"href":"https:\/\/4room.lv\/lv\/wp-json\/wp\/v2\/media\/158699"}],"wp:attachment":[{"href":"https:\/\/4room.lv\/lv\/wp-json\/wp\/v2\/media?parent=158698"}],"wp:term":[{"taxonomy":"product_cat","embeddable":true,"href":"https:\/\/4room.lv\/lv\/wp-json\/wp\/v2\/product_cat?post=158698"},{"taxonomy":"product_tag","embeddable":true,"href":"https:\/\/4room.lv\/lv\/wp-json\/wp\/v2\/product_tag?post=158698"}],"curies":[{"name":"wp","href":"https:\/\/api.w.org\/{rel}","templated":true}]}}