{"id":158733,"date":"2025-06-04T15:52:34","date_gmt":"2025-06-04T12:52:34","guid":{"rendered":"https:\/\/4room.lv\/?post_type=product&#038;p=158733"},"modified":"2025-06-04T15:52:34","modified_gmt":"2025-06-04T12:52:34","slug":"colorado-4-seater-teddy-brown","status":"publish","type":"product","link":"https:\/\/4room.lv\/lv\/veikals\/mebeles\/divani\/colorado-4-seater-teddy-brown\/","title":{"rendered":"Colorado 4 seater Teddy brown"},"content":{"rendered":"","protected":false},"excerpt":{"rendered":"<p>M\u016bsdien\u012bgs \u0123imenes d\u012bv\u0101ns, kas ir liels un \u0113rts un stil\u012bgs. Tas ar izteikti m\u012bkstiem spilveniem komfortam, pat\u012bkam\u0101 maiga audum\u0101, m\u0101j\u012bg\u0101 b\u0113\u0161i br\u016bn\u0101 ton\u012b. Akcents ir neliel\u0101s k\u0101jas, kas ir met\u0101liskas modernam kopskatam.<\/p>\n<p>D\u012bv\u0101ns tiek ra\u017eots p\u0113c pas\u016bt\u012bjum, l\u012bdz ar to var izv\u0113l\u0113ties no pla\u0161a kl\u0101sta ar apdar\u0113m un izm\u0113riem. Materi\u0101lu paraugi apskat\u0101mi m\u016bsus salon\u0101.<\/p>\n","protected":false},"featured_media":158734,"template":"","meta":[],"product_cat":[129,145],"product_tag":[],"class_list":{"0":"post-158733","1":"product","2":"type-product","3":"status-publish","4":"has-post-thumbnail","6":"product_brand-sits","7":"product_cat-mebeles","8":"product_cat-divani","10":"first","11":"instock","12":"shipping-taxable","13":"purchasable","14":"product-type-simple","15":"hongo-alternate-image-wrap"},"_links":{"self":[{"href":"https:\/\/4room.lv\/lv\/wp-json\/wp\/v2\/product\/158733","targetHints":{"allow":["GET"]}}],"collection":[{"href":"https:\/\/4room.lv\/lv\/wp-json\/wp\/v2\/product"}],"about":[{"href":"https:\/\/4room.lv\/lv\/wp-json\/wp\/v2\/types\/product"}],"wp:featuredmedia":[{"embeddable":true,"href":"https:\/\/4room.lv\/lv\/wp-json\/wp\/v2\/media\/158734"}],"wp:attachment":[{"href":"https:\/\/4room.lv\/lv\/wp-json\/wp\/v2\/media?parent=158733"}],"wp:term":[{"taxonomy":"product_cat","embeddable":true,"href":"https:\/\/4room.lv\/lv\/wp-json\/wp\/v2\/product_cat?post=158733"},{"taxonomy":"product_tag","embeddable":true,"href":"https:\/\/4room.lv\/lv\/wp-json\/wp\/v2\/product_tag?post=158733"}],"curies":[{"name":"wp","href":"https:\/\/api.w.org\/{rel}","templated":true}]}}