{"id":158971,"date":"2025-07-06T10:41:22","date_gmt":"2025-07-06T07:41:22","guid":{"rendered":"https:\/\/4room.lv\/?post_type=product&#038;p=158971"},"modified":"2025-08-24T15:19:57","modified_gmt":"2025-08-24T12:19:57","slug":"stoneware-side-table","status":"publish","type":"product","link":"https:\/\/4room.lv\/lv\/veikals\/mebeles\/galdi\/stoneware-side-table\/","title":{"rendered":"Stoneware side table"},"content":{"rendered":"","protected":false},"excerpt":{"rendered":"<p>Iztur\u012bgs un lieliski piem\u0113rots j\u016bsu viesistabai. \u0160im m\u0101la s\u0101nu galdi\u0146am ir rota\u013c\u012bga forma, dabiska kr\u0101sa un tie\u0161i tik iztur\u012bgs, lai j\u016bsu kafijas tase b\u016btu dro\u0161\u012bb\u0101.<\/p>\n","protected":false},"featured_media":158972,"template":"","meta":[],"product_cat":[129,142],"product_tag":[],"class_list":{"0":"post-158971","1":"product","2":"type-product","3":"status-publish","4":"has-post-thumbnail","6":"product_brand-hkliving","7":"product_cat-mebeles","8":"product_cat-galdi","10":"first","11":"instock","12":"shipping-taxable","13":"purchasable","14":"product-type-simple","15":"hongo-alternate-image-wrap"},"_links":{"self":[{"href":"https:\/\/4room.lv\/lv\/wp-json\/wp\/v2\/product\/158971","targetHints":{"allow":["GET"]}}],"collection":[{"href":"https:\/\/4room.lv\/lv\/wp-json\/wp\/v2\/product"}],"about":[{"href":"https:\/\/4room.lv\/lv\/wp-json\/wp\/v2\/types\/product"}],"wp:featuredmedia":[{"embeddable":true,"href":"https:\/\/4room.lv\/lv\/wp-json\/wp\/v2\/media\/158972"}],"wp:attachment":[{"href":"https:\/\/4room.lv\/lv\/wp-json\/wp\/v2\/media?parent=158971"}],"wp:term":[{"taxonomy":"product_cat","embeddable":true,"href":"https:\/\/4room.lv\/lv\/wp-json\/wp\/v2\/product_cat?post=158971"},{"taxonomy":"product_tag","embeddable":true,"href":"https:\/\/4room.lv\/lv\/wp-json\/wp\/v2\/product_tag?post=158971"}],"curies":[{"name":"wp","href":"https:\/\/api.w.org\/{rel}","templated":true}]}}