{"id":158988,"date":"2025-08-08T10:57:44","date_gmt":"2025-08-08T07:57:44","guid":{"rendered":"https:\/\/4room.lv\/?post_type=product&#038;p=158988"},"modified":"2025-08-13T11:56:47","modified_gmt":"2025-08-13T08:56:47","slug":"era-table-lamp-white","status":"publish","type":"product","link":"https:\/\/4room.lv\/lv\/veikals\/apgaismojums\/dekorativais\/era-table-lamp-white\/","title":{"rendered":"Era table lamp white"},"content":{"rendered":"","protected":false},"excerpt":{"rendered":"<p>ERA ir interakt\u012bva Led galda lampa ar elegantu stikla sf\u0113ru t\u0101s centr\u0101, kas nodro\u0161ina neman\u0101mu aba\u017e\u016bra daudzdimension\u0101lu kust\u012bbu, pied\u0101v\u0101jot gan statiskas, gan dinamiskas apgaismojuma iesp\u0113jas.<\/p>\n<p>Design<\/p>\n<h4>BUDDE, 2024<\/h4>\n","protected":false},"featured_media":158989,"template":"","meta":[],"product_cat":[1058,127,147],"product_tag":[],"class_list":{"0":"post-158988","1":"product","2":"type-product","3":"status-publish","4":"has-post-thumbnail","6":"product_brand-mogg","7":"product_cat-dizaina","8":"product_cat-apgaismojums","9":"product_cat-dekorativais","11":"first","12":"instock","13":"shipping-taxable","14":"purchasable","15":"product-type-simple","16":"hongo-alternate-image-wrap"},"_links":{"self":[{"href":"https:\/\/4room.lv\/lv\/wp-json\/wp\/v2\/product\/158988","targetHints":{"allow":["GET"]}}],"collection":[{"href":"https:\/\/4room.lv\/lv\/wp-json\/wp\/v2\/product"}],"about":[{"href":"https:\/\/4room.lv\/lv\/wp-json\/wp\/v2\/types\/product"}],"wp:featuredmedia":[{"embeddable":true,"href":"https:\/\/4room.lv\/lv\/wp-json\/wp\/v2\/media\/158989"}],"wp:attachment":[{"href":"https:\/\/4room.lv\/lv\/wp-json\/wp\/v2\/media?parent=158988"}],"wp:term":[{"taxonomy":"product_cat","embeddable":true,"href":"https:\/\/4room.lv\/lv\/wp-json\/wp\/v2\/product_cat?post=158988"},{"taxonomy":"product_tag","embeddable":true,"href":"https:\/\/4room.lv\/lv\/wp-json\/wp\/v2\/product_tag?post=158988"}],"curies":[{"name":"wp","href":"https:\/\/api.w.org\/{rel}","templated":true}]}}