{"id":159004,"date":"2025-06-06T11:16:09","date_gmt":"2025-06-06T08:16:09","guid":{"rendered":"https:\/\/4room.lv\/?post_type=product&#038;p=159004"},"modified":"2025-06-06T11:20:31","modified_gmt":"2025-06-06T08:20:31","slug":"nala-pendant-black","status":"publish","type":"product","link":"https:\/\/4room.lv\/lv\/veikals\/apgaismojums\/dekorativais\/nala-pendant-black\/","title":{"rendered":"Nala pendant black"},"content":{"rendered":"","protected":false},"excerpt":{"rendered":"<p>NALA s\u0113rijas neparast\u0101s lampas p\u0101rsteidz ar savu izliekto dizainu. Gaismek\u013ca dizains padar\u012bs to par centr\u0101lo dekorat\u012bvo elementu telp\u0101. Papildus dizainam, gaismeklis pied\u0101v\u0101 ar\u012b praktiskas funkcijas. Integr\u0113tais SWITCH regulators \u013cauj regul\u0113t spilgtumu tr\u012bs l\u012bme\u0146os (100%, 50% un 25%), izmantojot parasto gaismas sl\u0113dzi. L\u012bdz ar to nav nepiecie\u0161ams uzst\u0101d\u012bt dimmeri. Varat ar\u012b izmantot DIP SWITCH tie\u0161i uz gaismek\u013ca, lai izv\u0113l\u0113tos vienu no trim da\u017e\u0101diem gaismas spektriem, lai rad\u012btu v\u0113lamo atmosf\u0113ru.<\/p>\n","protected":false},"featured_media":159005,"template":"","meta":[],"product_cat":[127,147],"product_tag":[],"class_list":{"0":"post-159004","1":"product","2":"type-product","3":"status-publish","4":"has-post-thumbnail","6":"product_brand-select","7":"product_cat-apgaismojums","8":"product_cat-dekorativais","10":"first","11":"instock","12":"sale","13":"shipping-taxable","14":"purchasable","15":"product-type-simple","16":"hongo-alternate-image-wrap"},"_links":{"self":[{"href":"https:\/\/4room.lv\/lv\/wp-json\/wp\/v2\/product\/159004","targetHints":{"allow":["GET"]}}],"collection":[{"href":"https:\/\/4room.lv\/lv\/wp-json\/wp\/v2\/product"}],"about":[{"href":"https:\/\/4room.lv\/lv\/wp-json\/wp\/v2\/types\/product"}],"wp:featuredmedia":[{"embeddable":true,"href":"https:\/\/4room.lv\/lv\/wp-json\/wp\/v2\/media\/159005"}],"wp:attachment":[{"href":"https:\/\/4room.lv\/lv\/wp-json\/wp\/v2\/media?parent=159004"}],"wp:term":[{"taxonomy":"product_cat","embeddable":true,"href":"https:\/\/4room.lv\/lv\/wp-json\/wp\/v2\/product_cat?post=159004"},{"taxonomy":"product_tag","embeddable":true,"href":"https:\/\/4room.lv\/lv\/wp-json\/wp\/v2\/product_tag?post=159004"}],"curies":[{"name":"wp","href":"https:\/\/api.w.org\/{rel}","templated":true}]}}