{"id":159026,"date":"2025-09-01T12:06:33","date_gmt":"2025-09-01T09:06:33","guid":{"rendered":"https:\/\/4room.lv\/?post_type=product&#038;p=159026"},"modified":"2025-10-17T11:27:13","modified_gmt":"2025-10-17T08:27:13","slug":"i-oregon-counter-stool-brandy","status":"publish","type":"product","link":"https:\/\/4room.lv\/lv\/veikals\/mebeles\/kresli\/i-oregon-counter-stool-brandy\/","title":{"rendered":"I Oregon counter stool brandy"},"content":{"rendered":"","protected":false},"excerpt":{"rendered":"<p>Pusb\u0101ra kr\u0113sls Oregon b\u016bs lielisks risin\u0101jums tiem, kas mekl\u0113 kaut ko starp modernu un retro. Tam ir Brendija to\u0146a \u0101das aizvietot\u0101ja s\u0113\u017ea ar dekorat\u012bv\u0101m \u0161uv\u0113m un meln\u0101m met\u0101la k\u0101j\u0101m.<\/p>\n<p>Pusb\u0101ra versijas s\u0113\u017eas augstums ir 65cm<\/p>\n","protected":false},"featured_media":159027,"template":"","meta":[],"product_cat":[129,144],"product_tag":[],"class_list":{"0":"post-159026","1":"product","2":"type-product","3":"status-publish","4":"has-post-thumbnail","6":"product_cat-mebeles","7":"product_cat-kresli","9":"first","10":"instock","11":"shipping-taxable","12":"purchasable","13":"product-type-simple","14":"hongo-alternate-image-wrap"},"_links":{"self":[{"href":"https:\/\/4room.lv\/lv\/wp-json\/wp\/v2\/product\/159026","targetHints":{"allow":["GET"]}}],"collection":[{"href":"https:\/\/4room.lv\/lv\/wp-json\/wp\/v2\/product"}],"about":[{"href":"https:\/\/4room.lv\/lv\/wp-json\/wp\/v2\/types\/product"}],"wp:featuredmedia":[{"embeddable":true,"href":"https:\/\/4room.lv\/lv\/wp-json\/wp\/v2\/media\/159027"}],"wp:attachment":[{"href":"https:\/\/4room.lv\/lv\/wp-json\/wp\/v2\/media?parent=159026"}],"wp:term":[{"taxonomy":"product_cat","embeddable":true,"href":"https:\/\/4room.lv\/lv\/wp-json\/wp\/v2\/product_cat?post=159026"},{"taxonomy":"product_tag","embeddable":true,"href":"https:\/\/4room.lv\/lv\/wp-json\/wp\/v2\/product_tag?post=159026"}],"curies":[{"name":"wp","href":"https:\/\/api.w.org\/{rel}","templated":true}]}}