{"id":159059,"date":"2025-07-06T12:44:57","date_gmt":"2025-07-06T09:44:57","guid":{"rendered":"https:\/\/4room.lv\/?post_type=product&#038;p=159059"},"modified":"2025-08-24T16:44:02","modified_gmt":"2025-08-24T13:44:02","slug":"sienas-lampa-candy-rossa","status":"publish","type":"product","link":"https:\/\/4room.lv\/lv\/veikals\/apgaismojums\/dekorativais\/sienas-lampa-candy-rossa\/","title":{"rendered":"Sienas lampa Candy rossa"},"content":{"rendered":"","protected":false},"excerpt":{"rendered":"<p>Dekorat\u012bvs Led sienas gaismeklis no roz\u0101 cukurota reljefa stikla un zelt\u012bta met\u0101la. Led iet pa perimetru centr\u0101lajai deta\u013cai, l\u012bdz ar to gaisma b\u016bs dekorat\u012bva un atmosf\u0113riska, izgaismojot sienu.<\/p>\n<p>Pieejami vairaki to\u0146i. Ja neatrodiet tos majaslap\u0101, jautajiet mums.<\/p>\n","protected":false},"featured_media":159060,"template":"","meta":[],"product_cat":[127,147],"product_tag":[],"class_list":{"0":"post-159059","1":"product","2":"type-product","3":"status-publish","4":"has-post-thumbnail","6":"product_brand-ondaluce","7":"product_cat-apgaismojums","8":"product_cat-dekorativais","10":"first","11":"instock","12":"sale","13":"shipping-taxable","14":"purchasable","15":"product-type-simple","16":"hongo-alternate-image-wrap"},"_links":{"self":[{"href":"https:\/\/4room.lv\/lv\/wp-json\/wp\/v2\/product\/159059","targetHints":{"allow":["GET"]}}],"collection":[{"href":"https:\/\/4room.lv\/lv\/wp-json\/wp\/v2\/product"}],"about":[{"href":"https:\/\/4room.lv\/lv\/wp-json\/wp\/v2\/types\/product"}],"wp:featuredmedia":[{"embeddable":true,"href":"https:\/\/4room.lv\/lv\/wp-json\/wp\/v2\/media\/159060"}],"wp:attachment":[{"href":"https:\/\/4room.lv\/lv\/wp-json\/wp\/v2\/media?parent=159059"}],"wp:term":[{"taxonomy":"product_cat","embeddable":true,"href":"https:\/\/4room.lv\/lv\/wp-json\/wp\/v2\/product_cat?post=159059"},{"taxonomy":"product_tag","embeddable":true,"href":"https:\/\/4room.lv\/lv\/wp-json\/wp\/v2\/product_tag?post=159059"}],"curies":[{"name":"wp","href":"https:\/\/api.w.org\/{rel}","templated":true}]}}