{"id":159075,"date":"2025-06-12T12:57:57","date_gmt":"2025-06-12T09:57:57","guid":{"rendered":"https:\/\/4room.lv\/?post_type=product&#038;p=159075"},"modified":"2025-08-24T16:42:23","modified_gmt":"2025-08-24T13:42:23","slug":"candy-6","status":"publish","type":"product","link":"https:\/\/4room.lv\/lv\/veikals\/apgaismojums\/dekorativais\/candy-6\/","title":{"rendered":"Candy 6"},"content":{"rendered":"","protected":false},"excerpt":{"rendered":"<p>Dekorat\u012bvs griestu Led gaismeklis, kas sast\u0101v no 6 stikla pendantiem da\u017e\u0101dos to\u0146os. Metala deta\u013cas ir \u0161ampanie\u0161a zelt\u012bt\u0101 kr\u0101s\u0101. Gaismeklis ir ar\u012b dimm\u0113jams. Candy b\u016bs lielisks dekors un akcents j\u016bsu telpai!<\/p>\n","protected":false},"featured_media":159076,"template":"","meta":[],"product_cat":[127,147],"product_tag":[],"class_list":{"0":"post-159075","1":"product","2":"type-product","3":"status-publish","4":"has-post-thumbnail","6":"product_brand-ondaluce","7":"product_cat-apgaismojums","8":"product_cat-dekorativais","10":"first","11":"instock","12":"sale","13":"shipping-taxable","14":"purchasable","15":"product-type-simple","16":"hongo-alternate-image-wrap"},"_links":{"self":[{"href":"https:\/\/4room.lv\/lv\/wp-json\/wp\/v2\/product\/159075","targetHints":{"allow":["GET"]}}],"collection":[{"href":"https:\/\/4room.lv\/lv\/wp-json\/wp\/v2\/product"}],"about":[{"href":"https:\/\/4room.lv\/lv\/wp-json\/wp\/v2\/types\/product"}],"wp:featuredmedia":[{"embeddable":true,"href":"https:\/\/4room.lv\/lv\/wp-json\/wp\/v2\/media\/159076"}],"wp:attachment":[{"href":"https:\/\/4room.lv\/lv\/wp-json\/wp\/v2\/media?parent=159075"}],"wp:term":[{"taxonomy":"product_cat","embeddable":true,"href":"https:\/\/4room.lv\/lv\/wp-json\/wp\/v2\/product_cat?post=159075"},{"taxonomy":"product_tag","embeddable":true,"href":"https:\/\/4room.lv\/lv\/wp-json\/wp\/v2\/product_tag?post=159075"}],"curies":[{"name":"wp","href":"https:\/\/api.w.org\/{rel}","templated":true}]}}