{"id":159088,"date":"2025-05-20T13:24:50","date_gmt":"2025-05-20T10:24:50","guid":{"rendered":"https:\/\/4room.lv\/?post_type=product&#038;p=159088"},"modified":"2025-08-24T16:44:19","modified_gmt":"2025-08-24T13:44:19","slug":"arqua-3-black","status":"publish","type":"product","link":"https:\/\/4room.lv\/lv\/veikals\/apgaismojums\/dekorativais\/arqua-3-black\/","title":{"rendered":"Arqua 3 black"},"content":{"rendered":"","protected":false},"excerpt":{"rendered":"<p>Iek\u0101rts Led gaismeklis kas sast\u0101v no 3 dim\u0113jamiem led elementiem, kas rada interesantu vizu\u0101lo efektu.Tie ir uz br\u012bva tipa trosem, l\u012bdz ar to variet to novietot v\u0113lamaj\u0101 izvietojum\u0101.<\/p>\n<p>Led ir dim\u0113jams. Pieejams ar\u012b zelt\u012bt\u0101 apdar\u0113.<\/p>\n","protected":false},"featured_media":159089,"template":"","meta":[],"product_cat":[127,147],"product_tag":[],"class_list":{"0":"post-159088","1":"product","2":"type-product","3":"status-publish","4":"has-post-thumbnail","6":"product_brand-ondaluce","7":"product_cat-apgaismojums","8":"product_cat-dekorativais","10":"first","11":"instock","12":"sale","13":"shipping-taxable","14":"purchasable","15":"product-type-simple"},"_links":{"self":[{"href":"https:\/\/4room.lv\/lv\/wp-json\/wp\/v2\/product\/159088","targetHints":{"allow":["GET"]}}],"collection":[{"href":"https:\/\/4room.lv\/lv\/wp-json\/wp\/v2\/product"}],"about":[{"href":"https:\/\/4room.lv\/lv\/wp-json\/wp\/v2\/types\/product"}],"wp:featuredmedia":[{"embeddable":true,"href":"https:\/\/4room.lv\/lv\/wp-json\/wp\/v2\/media\/159089"}],"wp:attachment":[{"href":"https:\/\/4room.lv\/lv\/wp-json\/wp\/v2\/media?parent=159088"}],"wp:term":[{"taxonomy":"product_cat","embeddable":true,"href":"https:\/\/4room.lv\/lv\/wp-json\/wp\/v2\/product_cat?post=159088"},{"taxonomy":"product_tag","embeddable":true,"href":"https:\/\/4room.lv\/lv\/wp-json\/wp\/v2\/product_tag?post=159088"}],"curies":[{"name":"wp","href":"https:\/\/api.w.org\/{rel}","templated":true}]}}