{"id":159139,"date":"2025-06-06T14:23:33","date_gmt":"2025-06-06T11:23:33","guid":{"rendered":"https:\/\/4room.lv\/?post_type=product&#038;p=159139"},"modified":"2025-06-06T14:23:33","modified_gmt":"2025-06-06T11:23:33","slug":"lira-60-black","status":"publish","type":"product","link":"https:\/\/4room.lv\/lv\/veikals\/apgaismojums\/dekorativais\/lira-60-black\/","title":{"rendered":"Lira 60 black"},"content":{"rendered":"","protected":false},"excerpt":{"rendered":"<p>Dim\u0113jams un jaud\u012bgs Led griestu gaismeklis meln\u0101 kr\u0101s\u0101.<\/p>\n","protected":false},"featured_media":159140,"template":"","meta":[],"product_cat":[127,148,147],"product_tag":[],"class_list":{"0":"post-159139","1":"product","2":"type-product","3":"status-publish","4":"has-post-thumbnail","6":"product_brand-ondaluce","7":"product_cat-apgaismojums","8":"product_cat-arhitekturalais","9":"product_cat-dekorativais","11":"first","12":"instock","13":"sale","14":"shipping-taxable","15":"purchasable","16":"product-type-simple","17":"hongo-alternate-image-wrap"},"_links":{"self":[{"href":"https:\/\/4room.lv\/lv\/wp-json\/wp\/v2\/product\/159139","targetHints":{"allow":["GET"]}}],"collection":[{"href":"https:\/\/4room.lv\/lv\/wp-json\/wp\/v2\/product"}],"about":[{"href":"https:\/\/4room.lv\/lv\/wp-json\/wp\/v2\/types\/product"}],"wp:featuredmedia":[{"embeddable":true,"href":"https:\/\/4room.lv\/lv\/wp-json\/wp\/v2\/media\/159140"}],"wp:attachment":[{"href":"https:\/\/4room.lv\/lv\/wp-json\/wp\/v2\/media?parent=159139"}],"wp:term":[{"taxonomy":"product_cat","embeddable":true,"href":"https:\/\/4room.lv\/lv\/wp-json\/wp\/v2\/product_cat?post=159139"},{"taxonomy":"product_tag","embeddable":true,"href":"https:\/\/4room.lv\/lv\/wp-json\/wp\/v2\/product_tag?post=159139"}],"curies":[{"name":"wp","href":"https:\/\/api.w.org\/{rel}","templated":true}]}}