{"id":159171,"date":"2025-06-06T14:42:41","date_gmt":"2025-06-06T11:42:41","guid":{"rendered":"https:\/\/4room.lv\/?post_type=product&#038;p=159171"},"modified":"2025-06-06T14:42:41","modified_gmt":"2025-06-06T11:42:41","slug":"omega-50-black","status":"publish","type":"product","link":"https:\/\/4room.lv\/lv\/veikals\/apgaismojums\/dekorativais\/omega-50-black\/","title":{"rendered":"Omega 50 black"},"content":{"rendered":"","protected":false},"excerpt":{"rendered":"<p>Iekarin\u0101m dim\u0113jams Led gaismeklis meln\u0101 kr\u0101sa. Tam ir jaud\u012bgs Led, kag izgaismu labi uz leju, k\u0101 ar\u012b pa perimetru. Nodro\u0161inot labu un vienm\u0113r\u012bgu apgaismojumu. Tam ir iesp\u0113ja izvel\u0113ties uz gaismek\u013ca spektru starp 3000K un 4000K.\u00a0 Pieejams tr\u012bs to\u0146os un divos diametros. Par vis\u0101m iesp\u0113j\u0101m jaut\u0101jiet mums.<\/p>\n","protected":false},"featured_media":159172,"template":"","meta":[],"product_cat":[127,148,147],"product_tag":[],"class_list":{"0":"post-159171","1":"product","2":"type-product","3":"status-publish","4":"has-post-thumbnail","6":"product_brand-ondaluce","7":"product_cat-apgaismojums","8":"product_cat-arhitekturalais","9":"product_cat-dekorativais","11":"first","12":"instock","13":"sale","14":"shipping-taxable","15":"purchasable","16":"product-type-simple","17":"hongo-alternate-image-wrap"},"_links":{"self":[{"href":"https:\/\/4room.lv\/lv\/wp-json\/wp\/v2\/product\/159171","targetHints":{"allow":["GET"]}}],"collection":[{"href":"https:\/\/4room.lv\/lv\/wp-json\/wp\/v2\/product"}],"about":[{"href":"https:\/\/4room.lv\/lv\/wp-json\/wp\/v2\/types\/product"}],"wp:featuredmedia":[{"embeddable":true,"href":"https:\/\/4room.lv\/lv\/wp-json\/wp\/v2\/media\/159172"}],"wp:attachment":[{"href":"https:\/\/4room.lv\/lv\/wp-json\/wp\/v2\/media?parent=159171"}],"wp:term":[{"taxonomy":"product_cat","embeddable":true,"href":"https:\/\/4room.lv\/lv\/wp-json\/wp\/v2\/product_cat?post=159171"},{"taxonomy":"product_tag","embeddable":true,"href":"https:\/\/4room.lv\/lv\/wp-json\/wp\/v2\/product_tag?post=159171"}],"curies":[{"name":"wp","href":"https:\/\/api.w.org\/{rel}","templated":true}]}}