{"id":159230,"date":"2025-06-09T09:59:35","date_gmt":"2025-06-09T06:59:35","guid":{"rendered":"https:\/\/4room.lv\/?post_type=product&#038;p=159230"},"modified":"2025-06-09T10:01:59","modified_gmt":"2025-06-09T07:01:59","slug":"elisa-50","status":"publish","type":"product","link":"https:\/\/4room.lv\/lv\/veikals\/apgaismojums\/dekorativais\/elisa-50\/","title":{"rendered":"Elisa 50"},"content":{"rendered":"","protected":false},"excerpt":{"rendered":"<p>Dim\u0113jams jaud\u012bgs Led gaismeklis, kas var b\u016b k\u0101 griestu, t\u0101 sienas gaismeklis, mat\u0113t\u0101 sudrabot\u0101 ton\u012b.<\/p>\n<p>Pieejami da\u017e\u0101di izm\u0113ri.<\/p>\n","protected":false},"featured_media":159231,"template":"","meta":[],"product_cat":[127,147],"product_tag":[],"class_list":{"0":"post-159230","1":"product","2":"type-product","3":"status-publish","4":"has-post-thumbnail","6":"product_brand-ondaluce","7":"product_cat-apgaismojums","8":"product_cat-dekorativais","10":"first","11":"instock","12":"sale","13":"shipping-taxable","14":"purchasable","15":"product-type-simple","16":"hongo-alternate-image-wrap"},"_links":{"self":[{"href":"https:\/\/4room.lv\/lv\/wp-json\/wp\/v2\/product\/159230","targetHints":{"allow":["GET"]}}],"collection":[{"href":"https:\/\/4room.lv\/lv\/wp-json\/wp\/v2\/product"}],"about":[{"href":"https:\/\/4room.lv\/lv\/wp-json\/wp\/v2\/types\/product"}],"wp:featuredmedia":[{"embeddable":true,"href":"https:\/\/4room.lv\/lv\/wp-json\/wp\/v2\/media\/159231"}],"wp:attachment":[{"href":"https:\/\/4room.lv\/lv\/wp-json\/wp\/v2\/media?parent=159230"}],"wp:term":[{"taxonomy":"product_cat","embeddable":true,"href":"https:\/\/4room.lv\/lv\/wp-json\/wp\/v2\/product_cat?post=159230"},{"taxonomy":"product_tag","embeddable":true,"href":"https:\/\/4room.lv\/lv\/wp-json\/wp\/v2\/product_tag?post=159230"}],"curies":[{"name":"wp","href":"https:\/\/api.w.org\/{rel}","templated":true}]}}