{"id":159286,"date":"2025-06-09T16:09:25","date_gmt":"2025-06-09T13:09:25","guid":{"rendered":"https:\/\/4room.lv\/?post_type=product&#038;p=159286"},"modified":"2025-06-09T16:09:25","modified_gmt":"2025-06-09T13:09:25","slug":"land-pendant-bordo","status":"publish","type":"product","link":"https:\/\/4room.lv\/lv\/veikals\/apgaismojums\/dekorativais\/land-pendant-bordo\/","title":{"rendered":"Land pendant Bordo"},"content":{"rendered":"","protected":false},"excerpt":{"rendered":"<p>Retro dizaina pendants. P\u0101rkl\u0101ts ar emalju, b\u0113\u0161i br\u016bn\u0101 ton\u012b. Nepiecie\u0161ama E27 spuldze, kuru variet izvel\u0113ties p\u0113c saviem ieskatiem.<\/p>\n","protected":false},"featured_media":159287,"template":"","meta":[],"product_cat":[127,147],"product_tag":[],"class_list":{"0":"post-159286","1":"product","2":"type-product","3":"status-publish","4":"has-post-thumbnail","6":"product_brand-ondaluce","7":"product_cat-apgaismojums","8":"product_cat-dekorativais","10":"first","11":"instock","12":"sale","13":"shipping-taxable","14":"purchasable","15":"product-type-simple","16":"hongo-alternate-image-wrap"},"_links":{"self":[{"href":"https:\/\/4room.lv\/lv\/wp-json\/wp\/v2\/product\/159286","targetHints":{"allow":["GET"]}}],"collection":[{"href":"https:\/\/4room.lv\/lv\/wp-json\/wp\/v2\/product"}],"about":[{"href":"https:\/\/4room.lv\/lv\/wp-json\/wp\/v2\/types\/product"}],"wp:featuredmedia":[{"embeddable":true,"href":"https:\/\/4room.lv\/lv\/wp-json\/wp\/v2\/media\/159287"}],"wp:attachment":[{"href":"https:\/\/4room.lv\/lv\/wp-json\/wp\/v2\/media?parent=159286"}],"wp:term":[{"taxonomy":"product_cat","embeddable":true,"href":"https:\/\/4room.lv\/lv\/wp-json\/wp\/v2\/product_cat?post=159286"},{"taxonomy":"product_tag","embeddable":true,"href":"https:\/\/4room.lv\/lv\/wp-json\/wp\/v2\/product_tag?post=159286"}],"curies":[{"name":"wp","href":"https:\/\/api.w.org\/{rel}","templated":true}]}}