{"id":159304,"date":"2025-06-08T10:52:25","date_gmt":"2025-06-08T07:52:25","guid":{"rendered":"https:\/\/4room.lv\/?post_type=product&#038;p=159304"},"modified":"2025-08-24T16:45:51","modified_gmt":"2025-08-24T13:45:51","slug":"elio-wall-yellow","status":"publish","type":"product","link":"https:\/\/4room.lv\/lv\/veikals\/apgaismojums\/dekorativais\/elio-wall-yellow\/","title":{"rendered":"Elio wall yellow"},"content":{"rendered":"","protected":false},"excerpt":{"rendered":"<p>Sienas gaismeklis meln\u0101 met\u0101l\u0101, kam var regul\u0113t to, cik zemu t\u0101 kar\u0101jas. Lielisks risin\u0101jums, ja izvada vieta ir augstu. Nepiecie\u0161ama E27 spuldze, kuru variet izv\u0113l\u0113ties p\u0113c saviem ieskatiem.<\/p>\n","protected":false},"featured_media":159305,"template":"","meta":[],"product_cat":[127,147],"product_tag":[],"class_list":{"0":"post-159304","1":"product","2":"type-product","3":"status-publish","4":"has-post-thumbnail","6":"product_brand-ondaluce","7":"product_cat-apgaismojums","8":"product_cat-dekorativais","10":"first","11":"instock","12":"sale","13":"shipping-taxable","14":"purchasable","15":"product-type-simple","16":"hongo-alternate-image-wrap"},"_links":{"self":[{"href":"https:\/\/4room.lv\/lv\/wp-json\/wp\/v2\/product\/159304","targetHints":{"allow":["GET"]}}],"collection":[{"href":"https:\/\/4room.lv\/lv\/wp-json\/wp\/v2\/product"}],"about":[{"href":"https:\/\/4room.lv\/lv\/wp-json\/wp\/v2\/types\/product"}],"wp:featuredmedia":[{"embeddable":true,"href":"https:\/\/4room.lv\/lv\/wp-json\/wp\/v2\/media\/159305"}],"wp:attachment":[{"href":"https:\/\/4room.lv\/lv\/wp-json\/wp\/v2\/media?parent=159304"}],"wp:term":[{"taxonomy":"product_cat","embeddable":true,"href":"https:\/\/4room.lv\/lv\/wp-json\/wp\/v2\/product_cat?post=159304"},{"taxonomy":"product_tag","embeddable":true,"href":"https:\/\/4room.lv\/lv\/wp-json\/wp\/v2\/product_tag?post=159304"}],"curies":[{"name":"wp","href":"https:\/\/api.w.org\/{rel}","templated":true}]}}