{"id":159354,"date":"2025-06-11T16:27:44","date_gmt":"2025-06-11T13:27:44","guid":{"rendered":"https:\/\/4room.lv\/?post_type=product&#038;p=159354"},"modified":"2025-06-11T16:28:41","modified_gmt":"2025-06-11T13:28:41","slug":"shirley-floor-black","status":"publish","type":"product","link":"https:\/\/4room.lv\/lv\/veikals\/apgaismojums\/dekorativais\/shirley-floor-black\/","title":{"rendered":"Shirley floor black"},"content":{"rendered":"","protected":false},"excerpt":{"rendered":"<p>M\u016bsdien\u012bga un dekorat\u012bva st\u0101vlampa no melna met\u0101la r\u0101mja ar d\u016bmakaina stikla kupolu, kur iek\u0161\u0101 1 E27 spuldze.<\/p>\n","protected":false},"featured_media":159355,"template":"","meta":[],"product_cat":[127,147],"product_tag":[],"class_list":{"0":"post-159354","1":"product","2":"type-product","3":"status-publish","4":"has-post-thumbnail","6":"product_brand-ondaluce","7":"product_cat-apgaismojums","8":"product_cat-dekorativais","10":"first","11":"instock","12":"sale","13":"shipping-taxable","14":"purchasable","15":"product-type-simple","16":"hongo-alternate-image-wrap"},"_links":{"self":[{"href":"https:\/\/4room.lv\/lv\/wp-json\/wp\/v2\/product\/159354","targetHints":{"allow":["GET"]}}],"collection":[{"href":"https:\/\/4room.lv\/lv\/wp-json\/wp\/v2\/product"}],"about":[{"href":"https:\/\/4room.lv\/lv\/wp-json\/wp\/v2\/types\/product"}],"wp:featuredmedia":[{"embeddable":true,"href":"https:\/\/4room.lv\/lv\/wp-json\/wp\/v2\/media\/159355"}],"wp:attachment":[{"href":"https:\/\/4room.lv\/lv\/wp-json\/wp\/v2\/media?parent=159354"}],"wp:term":[{"taxonomy":"product_cat","embeddable":true,"href":"https:\/\/4room.lv\/lv\/wp-json\/wp\/v2\/product_cat?post=159354"},{"taxonomy":"product_tag","embeddable":true,"href":"https:\/\/4room.lv\/lv\/wp-json\/wp\/v2\/product_tag?post=159354"}],"curies":[{"name":"wp","href":"https:\/\/api.w.org\/{rel}","templated":true}]}}