{"id":159388,"date":"2025-04-11T17:16:21","date_gmt":"2025-04-11T14:16:21","guid":{"rendered":"https:\/\/4room.lv\/?post_type=product&#038;p=159388"},"modified":"2026-03-13T11:00:32","modified_gmt":"2026-03-13T09:00:32","slug":"aidi-ceiling","status":"publish","type":"product","link":"https:\/\/4room.lv\/lv\/veikals\/apgaismojums\/arhitekturalais\/aidi-ceiling\/","title":{"rendered":"Aidi ceiling IP65"},"content":{"rendered":"","protected":false},"excerpt":{"rendered":"<p>Mitrumnotur\u012bgs Led plafons, kas lietojams ar\u012b \u0101r\u0101. Antrac\u012bta mala un balta polikarbonata vidus. Lietojams gan k\u0101 griestu, gan sienas gaismeklis.<\/p>\n<p>Pieejams ar\u012b gai\u0161i pel\u0113ks un balts.<\/p>\n","protected":false},"featured_media":159389,"template":"","meta":[],"product_cat":[127,150,148,149],"product_tag":[],"class_list":{"0":"post-159388","1":"product","2":"type-product","3":"status-publish","4":"has-post-thumbnail","6":"product_brand-ondaluce","7":"product_cat-apgaismojums","8":"product_cat-ara","9":"product_cat-arhitekturalais","10":"product_cat-industrialais","12":"first","13":"instock","14":"sale","15":"shipping-taxable","16":"purchasable","17":"product-type-simple","18":"hongo-alternate-image-wrap"},"_links":{"self":[{"href":"https:\/\/4room.lv\/lv\/wp-json\/wp\/v2\/product\/159388","targetHints":{"allow":["GET"]}}],"collection":[{"href":"https:\/\/4room.lv\/lv\/wp-json\/wp\/v2\/product"}],"about":[{"href":"https:\/\/4room.lv\/lv\/wp-json\/wp\/v2\/types\/product"}],"wp:featuredmedia":[{"embeddable":true,"href":"https:\/\/4room.lv\/lv\/wp-json\/wp\/v2\/media\/159389"}],"wp:attachment":[{"href":"https:\/\/4room.lv\/lv\/wp-json\/wp\/v2\/media?parent=159388"}],"wp:term":[{"taxonomy":"product_cat","embeddable":true,"href":"https:\/\/4room.lv\/lv\/wp-json\/wp\/v2\/product_cat?post=159388"},{"taxonomy":"product_tag","embeddable":true,"href":"https:\/\/4room.lv\/lv\/wp-json\/wp\/v2\/product_tag?post=159388"}],"curies":[{"name":"wp","href":"https:\/\/api.w.org\/{rel}","templated":true}]}}