{"id":159469,"date":"2025-06-12T15:59:49","date_gmt":"2025-06-12T12:59:49","guid":{"rendered":"https:\/\/4room.lv\/?post_type=product&#038;p=159469"},"modified":"2025-06-12T16:00:10","modified_gmt":"2025-06-12T13:00:10","slug":"birds-black-ceiling","status":"publish","type":"product","link":"https:\/\/4room.lv\/lv\/veikals\/apgaismojums\/dekorativais\/birds-black-ceiling\/","title":{"rendered":"Birds black ceiling"},"content":{"rendered":"","protected":false},"excerpt":{"rendered":"<p>Stil\u012bgs griestu gaismeklis ar melnu b\u0101zi un mat\u0113t\u0101m balt\u0101m p\u016bsta stikla lod\u0113m. Gaismekl\u012b iet 3xE27 spuldzes l\u012bdz ar to var pan\u0101kt labu gaismu. Piem\u0113rot k\u0101 viens nelielai telpai, k\u0101 priek\u0161nams vai vannasistaba, k\u0101 ar\u012b kombin\u0113t vair\u0101kus labam izgaismojumam.<\/p>\n<p>&nbsp;<\/p>\n","protected":false},"featured_media":159470,"template":"","meta":[],"product_cat":[127,147],"product_tag":[],"class_list":{"0":"post-159469","1":"product","2":"type-product","3":"status-publish","4":"has-post-thumbnail","6":"product_brand-ondaluce","7":"product_cat-apgaismojums","8":"product_cat-dekorativais","10":"first","11":"instock","12":"sale","13":"shipping-taxable","14":"purchasable","15":"product-type-simple","16":"hongo-alternate-image-wrap"},"_links":{"self":[{"href":"https:\/\/4room.lv\/lv\/wp-json\/wp\/v2\/product\/159469","targetHints":{"allow":["GET"]}}],"collection":[{"href":"https:\/\/4room.lv\/lv\/wp-json\/wp\/v2\/product"}],"about":[{"href":"https:\/\/4room.lv\/lv\/wp-json\/wp\/v2\/types\/product"}],"wp:featuredmedia":[{"embeddable":true,"href":"https:\/\/4room.lv\/lv\/wp-json\/wp\/v2\/media\/159470"}],"wp:attachment":[{"href":"https:\/\/4room.lv\/lv\/wp-json\/wp\/v2\/media?parent=159469"}],"wp:term":[{"taxonomy":"product_cat","embeddable":true,"href":"https:\/\/4room.lv\/lv\/wp-json\/wp\/v2\/product_cat?post=159469"},{"taxonomy":"product_tag","embeddable":true,"href":"https:\/\/4room.lv\/lv\/wp-json\/wp\/v2\/product_tag?post=159469"}],"curies":[{"name":"wp","href":"https:\/\/api.w.org\/{rel}","templated":true}]}}