{"id":159479,"date":"2025-06-12T16:48:43","date_gmt":"2025-06-12T13:48:43","guid":{"rendered":"https:\/\/4room.lv\/?post_type=product&#038;p=159479"},"modified":"2026-03-13T11:00:32","modified_gmt":"2026-03-13T09:00:32","slug":"rav-black-up-down-ip54","status":"publish","type":"product","link":"https:\/\/4room.lv\/lv\/veikals\/apgaismojums\/ara\/rav-black-up-down-ip54\/","title":{"rendered":"Rav black Up\/Down IP54"},"content":{"rendered":"","protected":false},"excerpt":{"rendered":"<p>Sienas gaismeklis ar mitrumnotur\u012bbu, lietojams ar\u012b \u0101r\u0101. Lielisks fas\u0101des gaismeklis, kas sp\u012bd gan uz aug\u0161u, gan uz leju. Nepiecie\u0161amas 2xGu10 spuldzes, kuras variet piemekl\u0113t p\u0113c savam velm\u0113m.<\/p>\n","protected":false},"featured_media":159480,"template":"","meta":[],"product_cat":[127,150],"product_tag":[],"class_list":{"0":"post-159479","1":"product","2":"type-product","3":"status-publish","4":"has-post-thumbnail","6":"product_brand-ondaluce","7":"product_cat-apgaismojums","8":"product_cat-ara","10":"first","11":"instock","12":"sale","13":"shipping-taxable","14":"purchasable","15":"product-type-simple","16":"hongo-alternate-image-wrap"},"_links":{"self":[{"href":"https:\/\/4room.lv\/lv\/wp-json\/wp\/v2\/product\/159479","targetHints":{"allow":["GET"]}}],"collection":[{"href":"https:\/\/4room.lv\/lv\/wp-json\/wp\/v2\/product"}],"about":[{"href":"https:\/\/4room.lv\/lv\/wp-json\/wp\/v2\/types\/product"}],"wp:featuredmedia":[{"embeddable":true,"href":"https:\/\/4room.lv\/lv\/wp-json\/wp\/v2\/media\/159480"}],"wp:attachment":[{"href":"https:\/\/4room.lv\/lv\/wp-json\/wp\/v2\/media?parent=159479"}],"wp:term":[{"taxonomy":"product_cat","embeddable":true,"href":"https:\/\/4room.lv\/lv\/wp-json\/wp\/v2\/product_cat?post=159479"},{"taxonomy":"product_tag","embeddable":true,"href":"https:\/\/4room.lv\/lv\/wp-json\/wp\/v2\/product_tag?post=159479"}],"curies":[{"name":"wp","href":"https:\/\/api.w.org\/{rel}","templated":true}]}}