{"id":159544,"date":"2025-06-30T17:37:33","date_gmt":"2025-06-30T14:37:33","guid":{"rendered":"https:\/\/4room.lv\/?post_type=product&#038;p=159544"},"modified":"2025-08-24T16:41:18","modified_gmt":"2025-08-24T13:41:18","slug":"juis-black","status":"publish","type":"product","link":"https:\/\/4room.lv\/lv\/veikals\/apgaismojums\/dekorativais\/juis-black\/","title":{"rendered":"Juis black"},"content":{"rendered":"","protected":false},"excerpt":{"rendered":"<p>Dekorat\u012bvs iekarams Led gaismeklis no d\u016bmakaini tum\u0161a stikla, kas ir cukurot\u0101 tekst\u016br\u0101 ar melna met\u0101la deta\u013c\u0101m.<\/p>\n","protected":false},"featured_media":159545,"template":"","meta":[],"product_cat":[127,147],"product_tag":[],"class_list":{"0":"post-159544","1":"product","2":"type-product","3":"status-publish","4":"has-post-thumbnail","6":"product_brand-ondaluce","7":"product_cat-apgaismojums","8":"product_cat-dekorativais","10":"first","11":"instock","12":"sale","13":"shipping-taxable","14":"purchasable","15":"product-type-simple","16":"hongo-alternate-image-wrap"},"_links":{"self":[{"href":"https:\/\/4room.lv\/lv\/wp-json\/wp\/v2\/product\/159544","targetHints":{"allow":["GET"]}}],"collection":[{"href":"https:\/\/4room.lv\/lv\/wp-json\/wp\/v2\/product"}],"about":[{"href":"https:\/\/4room.lv\/lv\/wp-json\/wp\/v2\/types\/product"}],"wp:featuredmedia":[{"embeddable":true,"href":"https:\/\/4room.lv\/lv\/wp-json\/wp\/v2\/media\/159545"}],"wp:attachment":[{"href":"https:\/\/4room.lv\/lv\/wp-json\/wp\/v2\/media?parent=159544"}],"wp:term":[{"taxonomy":"product_cat","embeddable":true,"href":"https:\/\/4room.lv\/lv\/wp-json\/wp\/v2\/product_cat?post=159544"},{"taxonomy":"product_tag","embeddable":true,"href":"https:\/\/4room.lv\/lv\/wp-json\/wp\/v2\/product_tag?post=159544"}],"curies":[{"name":"wp","href":"https:\/\/api.w.org\/{rel}","templated":true}]}}