{"id":159667,"date":"2025-06-17T14:04:27","date_gmt":"2025-06-17T11:04:27","guid":{"rendered":"https:\/\/4room.lv\/?post_type=product&#038;p=159667"},"modified":"2025-12-28T19:18:58","modified_gmt":"2025-12-28T17:18:58","slug":"barstool-franky-velvet-old-pink","status":"publish","type":"product","link":"https:\/\/4room.lv\/lv\/veikals\/mebeles\/kresli\/barstool-franky-velvet-old-pink\/","title":{"rendered":"Barstool Franky Velvet Old Pink"},"content":{"rendered":"","protected":false},"excerpt":{"rendered":"<p>Bestsellers Franky b\u0101ra augstum\u0101 roz\u0101 vel\u016br\u0101 b\u016bs svaigs un dz\u012bvespriec\u012bgs akcents. \u0112rts un stabils, viegli pieska\u0146ojams da\u017e\u0101diem stiliem. Ide\u0101la izv\u0113le m\u0101joklim vai kafejn\u012bcai!<\/p>\n","protected":false},"featured_media":159668,"template":"","meta":[],"product_cat":[129,144],"product_tag":[],"class_list":{"0":"post-159667","1":"product","2":"type-product","3":"status-publish","4":"has-post-thumbnail","6":"product_brand-dutch-bone","7":"product_brand-white-label-living","8":"product_brand-zuiver","9":"product_cat-mebeles","10":"product_cat-kresli","12":"first","13":"instock","14":"shipping-taxable","15":"purchasable","16":"product-type-simple","17":"hongo-alternate-image-wrap"},"_links":{"self":[{"href":"https:\/\/4room.lv\/lv\/wp-json\/wp\/v2\/product\/159667","targetHints":{"allow":["GET"]}}],"collection":[{"href":"https:\/\/4room.lv\/lv\/wp-json\/wp\/v2\/product"}],"about":[{"href":"https:\/\/4room.lv\/lv\/wp-json\/wp\/v2\/types\/product"}],"wp:featuredmedia":[{"embeddable":true,"href":"https:\/\/4room.lv\/lv\/wp-json\/wp\/v2\/media\/159668"}],"wp:attachment":[{"href":"https:\/\/4room.lv\/lv\/wp-json\/wp\/v2\/media?parent=159667"}],"wp:term":[{"taxonomy":"product_cat","embeddable":true,"href":"https:\/\/4room.lv\/lv\/wp-json\/wp\/v2\/product_cat?post=159667"},{"taxonomy":"product_tag","embeddable":true,"href":"https:\/\/4room.lv\/lv\/wp-json\/wp\/v2\/product_tag?post=159667"}],"curies":[{"name":"wp","href":"https:\/\/api.w.org\/{rel}","templated":true}]}}