{"id":159683,"date":"2025-06-12T15:03:09","date_gmt":"2025-06-12T12:03:09","guid":{"rendered":"https:\/\/4room.lv\/?post_type=product&#038;p=159683"},"modified":"2026-03-14T17:44:19","modified_gmt":"2026-03-14T15:44:19","slug":"armchair-thirsty-ash-grey","status":"publish","type":"product","link":"https:\/\/4room.lv\/lv\/veikals\/biroja-mebeles\/apmekletaju-kresli\/armchair-thirsty-ash-grey\/","title":{"rendered":"Armchair Thirsty Ash Grey"},"content":{"rendered":"","protected":false},"excerpt":{"rendered":"<p>Praktisks kr\u0113sls, kas ir ar\u012b videi draudz\u012bgs. Ra\u017eots no p\u0101rstr\u0101d\u0101t\u0101m PET pudel\u0113m radot unikalu materi\u0101lu un interesantu pel\u0113ko toni. K\u0101ja neskr\u0101p\u0113s gr\u012bbu un kr\u0113sls ar\u012b ir sal\u012bdzino\u0161i viegls. Liels pluss, ka kr\u0113sli ir liekami viens virs otra, kas atvieglo uzglab\u0101\u0161anu, padarot to par labu risin\u0101jumu ne tikai m\u0101j\u0101m, bet ar\u012b konferen\u010du zal\u0113m vai kafejn\u012bc\u0101m.<\/p>\n","protected":false},"featured_media":159684,"template":"","meta":[],"product_cat":[131,339,129,144],"product_tag":[],"class_list":{"0":"post-159683","1":"product","2":"type-product","3":"status-publish","4":"has-post-thumbnail","6":"product_brand-dutch-bone","7":"product_brand-white-label-living","8":"product_brand-zuiver","9":"product_cat-biroja-mebeles","10":"product_cat-apmekletaju-kresli","11":"product_cat-mebeles","12":"product_cat-kresli","14":"first","15":"instock","16":"sale","17":"shipping-taxable","18":"purchasable","19":"product-type-simple","20":"hongo-alternate-image-wrap"},"_links":{"self":[{"href":"https:\/\/4room.lv\/lv\/wp-json\/wp\/v2\/product\/159683","targetHints":{"allow":["GET"]}}],"collection":[{"href":"https:\/\/4room.lv\/lv\/wp-json\/wp\/v2\/product"}],"about":[{"href":"https:\/\/4room.lv\/lv\/wp-json\/wp\/v2\/types\/product"}],"wp:featuredmedia":[{"embeddable":true,"href":"https:\/\/4room.lv\/lv\/wp-json\/wp\/v2\/media\/159684"}],"wp:attachment":[{"href":"https:\/\/4room.lv\/lv\/wp-json\/wp\/v2\/media?parent=159683"}],"wp:term":[{"taxonomy":"product_cat","embeddable":true,"href":"https:\/\/4room.lv\/lv\/wp-json\/wp\/v2\/product_cat?post=159683"},{"taxonomy":"product_tag","embeddable":true,"href":"https:\/\/4room.lv\/lv\/wp-json\/wp\/v2\/product_tag?post=159683"}],"curies":[{"name":"wp","href":"https:\/\/api.w.org\/{rel}","templated":true}]}}