{"id":159703,"date":"2025-06-17T15:41:44","date_gmt":"2025-06-17T12:41:44","guid":{"rendered":"https:\/\/4room.lv\/?post_type=product&#038;p=159703"},"modified":"2025-12-28T19:18:58","modified_gmt":"2025-12-28T17:18:58","slug":"console-table-winston","status":"publish","type":"product","link":"https:\/\/4room.lv\/lv\/veikals\/mebeles\/plaukti-un-skapji\/console-table-winston\/","title":{"rendered":"Console Table Winston"},"content":{"rendered":"","protected":false},"excerpt":{"rendered":"<p>Konsole\/plaukts no dzlezs ar reljefu meln\u0101 kr\u0101s\u0101. Prakstiska un univers\u0101li izmantojama m\u0113bele ko piepild\u012bt ar sev v\u0113lamo. Plaukts notur\u0113s ap 50kg slodzi.<\/p>\n","protected":false},"featured_media":159704,"template":"","meta":[],"product_cat":[129,143],"product_tag":[],"class_list":{"0":"post-159703","1":"product","2":"type-product","3":"status-publish","4":"has-post-thumbnail","6":"product_brand-dutch-bone","7":"product_brand-white-label-living","8":"product_brand-zuiver","9":"product_cat-mebeles","10":"product_cat-plaukti-un-skapji","12":"first","13":"instock","14":"shipping-taxable","15":"purchasable","16":"product-type-simple","17":"hongo-alternate-image-wrap"},"_links":{"self":[{"href":"https:\/\/4room.lv\/lv\/wp-json\/wp\/v2\/product\/159703","targetHints":{"allow":["GET"]}}],"collection":[{"href":"https:\/\/4room.lv\/lv\/wp-json\/wp\/v2\/product"}],"about":[{"href":"https:\/\/4room.lv\/lv\/wp-json\/wp\/v2\/types\/product"}],"wp:featuredmedia":[{"embeddable":true,"href":"https:\/\/4room.lv\/lv\/wp-json\/wp\/v2\/media\/159704"}],"wp:attachment":[{"href":"https:\/\/4room.lv\/lv\/wp-json\/wp\/v2\/media?parent=159703"}],"wp:term":[{"taxonomy":"product_cat","embeddable":true,"href":"https:\/\/4room.lv\/lv\/wp-json\/wp\/v2\/product_cat?post=159703"},{"taxonomy":"product_tag","embeddable":true,"href":"https:\/\/4room.lv\/lv\/wp-json\/wp\/v2\/product_tag?post=159703"}],"curies":[{"name":"wp","href":"https:\/\/api.w.org\/{rel}","templated":true}]}}