{"id":159838,"date":"2025-06-29T12:30:16","date_gmt":"2025-06-29T09:30:16","guid":{"rendered":"https:\/\/4room.lv\/?post_type=product&#038;p=159838"},"modified":"2025-06-29T12:30:58","modified_gmt":"2025-06-29T09:30:58","slug":"grown-pendant-black","status":"publish","type":"product","link":"https:\/\/4room.lv\/lv\/veikals\/apgaismojums\/dekorativais\/grown-pendant-black\/","title":{"rendered":"Grown pendant black (ekspoz\u012bcijas modelis)"},"content":{"rendered":"","protected":false},"excerpt":{"rendered":"<p>M\u016bsdien\u012bga dizaina gaismeklis meln\u0101 met\u0101l\u0101. T\u0101 arhitektur\u0101l\u0101 forma gaismekli padara par efekt\u012bgu dizaina priek\u0161metu. Lieliski izskat\u012bsies ar garenu dekorat\u012bvu spuldzi.<\/p>\n<p>Pieejams p\u0113dejais eksempl\u0101rs.<\/p>\n","protected":false},"featured_media":159839,"template":"","meta":[],"product_cat":[1058,127,147],"product_tag":[],"class_list":{"0":"post-159838","1":"product","2":"type-product","3":"status-publish","4":"has-post-thumbnail","6":"product_brand-zava-luce","7":"product_cat-dizaina","8":"product_cat-apgaismojums","9":"product_cat-dekorativais","11":"first","12":"instock","13":"sale","14":"shipping-taxable","15":"purchasable","16":"product-type-simple","17":"hongo-alternate-image-wrap"},"_links":{"self":[{"href":"https:\/\/4room.lv\/lv\/wp-json\/wp\/v2\/product\/159838","targetHints":{"allow":["GET"]}}],"collection":[{"href":"https:\/\/4room.lv\/lv\/wp-json\/wp\/v2\/product"}],"about":[{"href":"https:\/\/4room.lv\/lv\/wp-json\/wp\/v2\/types\/product"}],"wp:featuredmedia":[{"embeddable":true,"href":"https:\/\/4room.lv\/lv\/wp-json\/wp\/v2\/media\/159839"}],"wp:attachment":[{"href":"https:\/\/4room.lv\/lv\/wp-json\/wp\/v2\/media?parent=159838"}],"wp:term":[{"taxonomy":"product_cat","embeddable":true,"href":"https:\/\/4room.lv\/lv\/wp-json\/wp\/v2\/product_cat?post=159838"},{"taxonomy":"product_tag","embeddable":true,"href":"https:\/\/4room.lv\/lv\/wp-json\/wp\/v2\/product_tag?post=159838"}],"curies":[{"name":"wp","href":"https:\/\/api.w.org\/{rel}","templated":true}]}}