{"id":159865,"date":"2025-05-29T14:27:01","date_gmt":"2025-05-29T11:27:01","guid":{"rendered":"https:\/\/4room.lv\/?post_type=product&#038;p=159865"},"modified":"2025-08-13T20:11:58","modified_gmt":"2025-08-13T17:11:58","slug":"daisen-wall-ceiling","status":"publish","type":"product","link":"https:\/\/4room.lv\/lv\/veikals\/apgaismojums\/dekorativais\/daisen-wall-ceiling\/","title":{"rendered":"Daisen wall\/ceiling"},"content":{"rendered":"","protected":false},"excerpt":{"rendered":"<p>Retro stila gaismeklis ar regul\u0113jamiem posmiem, kas liekams gan k\u0101 sienas, gan griestu lampa. B\u016bs labs variants gan k\u0101 dekorat\u012bvs elements, gan k\u0101 praktisks darba apgaismojums. Gaismeklim nepiecie\u0161ama E27 spuldze, kuru variet izvel\u0113ties p\u0113c saviem ieskatiem.<\/p>\n","protected":false},"featured_media":159869,"template":"","meta":[],"product_cat":[127,147],"product_tag":[],"class_list":{"0":"post-159865","1":"product","2":"type-product","3":"status-publish","4":"has-post-thumbnail","6":"product_brand-shilo","7":"product_cat-apgaismojums","8":"product_cat-dekorativais","10":"first","11":"instock","12":"sale","13":"shipping-taxable","14":"purchasable","15":"product-type-simple","16":"hongo-alternate-image-wrap"},"_links":{"self":[{"href":"https:\/\/4room.lv\/lv\/wp-json\/wp\/v2\/product\/159865","targetHints":{"allow":["GET"]}}],"collection":[{"href":"https:\/\/4room.lv\/lv\/wp-json\/wp\/v2\/product"}],"about":[{"href":"https:\/\/4room.lv\/lv\/wp-json\/wp\/v2\/types\/product"}],"wp:featuredmedia":[{"embeddable":true,"href":"https:\/\/4room.lv\/lv\/wp-json\/wp\/v2\/media\/159869"}],"wp:attachment":[{"href":"https:\/\/4room.lv\/lv\/wp-json\/wp\/v2\/media?parent=159865"}],"wp:term":[{"taxonomy":"product_cat","embeddable":true,"href":"https:\/\/4room.lv\/lv\/wp-json\/wp\/v2\/product_cat?post=159865"},{"taxonomy":"product_tag","embeddable":true,"href":"https:\/\/4room.lv\/lv\/wp-json\/wp\/v2\/product_tag?post=159865"}],"curies":[{"name":"wp","href":"https:\/\/api.w.org\/{rel}","templated":true}]}}