{"id":159939,"date":"2025-06-29T15:54:49","date_gmt":"2025-06-29T12:54:49","guid":{"rendered":"https:\/\/4room.lv\/?post_type=product&#038;p=159939"},"modified":"2025-12-28T19:18:57","modified_gmt":"2025-12-28T17:18:57","slug":"bistro-table-albert-garden","status":"publish","type":"product","link":"https:\/\/4room.lv\/lv\/veikals\/mebeles\/galdi\/bistro-table-albert-garden\/","title":{"rendered":"Bistro Table Albert Garden"},"content":{"rendered":"","protected":false},"excerpt":{"rendered":"<p>\u0112damgalds, kas piem\u0113rots lieto\u0161nai k\u0101 \u0101r\u0101, t\u0101 iek\u0161telp\u0101s. Kr\u0101sota melna alum\u012bnija b\u0101ze, kam ir notur\u012bba pret vides apst\u0101k\u013ciem un tum\u0161a r\u016bd\u012bta stikla virsma. Vienk\u0101r\u0161s, bet elegants galds kas izdai\u013cos j\u016bsu terasi, virtuvi vai kafejn\u012bcu. Izskat\u012bsies \u012bpa\u0161i saskan\u012bgi ar Albert s\u0113rijas kr\u0113sliem!<\/p>\n<p>&nbsp;<\/p>\n","protected":false},"featured_media":159940,"template":"","meta":[],"product_cat":[129,142],"product_tag":[],"class_list":{"0":"post-159939","1":"product","2":"type-product","3":"status-publish","4":"has-post-thumbnail","6":"product_brand-dutch-bone","7":"product_brand-white-label-living","8":"product_brand-zuiver","9":"product_cat-mebeles","10":"product_cat-galdi","12":"first","13":"instock","14":"shipping-taxable","15":"purchasable","16":"product-type-simple","17":"hongo-alternate-image-wrap"},"_links":{"self":[{"href":"https:\/\/4room.lv\/lv\/wp-json\/wp\/v2\/product\/159939","targetHints":{"allow":["GET"]}}],"collection":[{"href":"https:\/\/4room.lv\/lv\/wp-json\/wp\/v2\/product"}],"about":[{"href":"https:\/\/4room.lv\/lv\/wp-json\/wp\/v2\/types\/product"}],"wp:featuredmedia":[{"embeddable":true,"href":"https:\/\/4room.lv\/lv\/wp-json\/wp\/v2\/media\/159940"}],"wp:attachment":[{"href":"https:\/\/4room.lv\/lv\/wp-json\/wp\/v2\/media?parent=159939"}],"wp:term":[{"taxonomy":"product_cat","embeddable":true,"href":"https:\/\/4room.lv\/lv\/wp-json\/wp\/v2\/product_cat?post=159939"},{"taxonomy":"product_tag","embeddable":true,"href":"https:\/\/4room.lv\/lv\/wp-json\/wp\/v2\/product_tag?post=159939"}],"curies":[{"name":"wp","href":"https:\/\/api.w.org\/{rel}","templated":true}]}}