{"id":160013,"date":"2025-06-29T16:56:13","date_gmt":"2025-06-29T13:56:13","guid":{"rendered":"https:\/\/4room.lv\/?post_type=product&#038;p=160013"},"modified":"2025-12-28T19:18:57","modified_gmt":"2025-12-28T17:18:57","slug":"carpet-heaven-160x230","status":"publish","type":"product","link":"https:\/\/4room.lv\/lv\/veikals\/interjeram\/paklaji\/carpet-heaven-160x230\/","title":{"rendered":"Carpet Heaven 160&#215;230"},"content":{"rendered":"","protected":false},"excerpt":{"rendered":"<p>Vieglais Heaven paklajs ir iedvesmots no debes\u012bm, kur zilais mij\u0101s ar pel\u0113ko, radot nomierino\u0161u to\u0146u gammu. Pakl\u0101js ir austs rok\u0101m no vilnas un kokvilnas b\u0101zes, nodro\u0161inot augstu kvalit\u0101ti. Iztur\u012bbai vilnai ir piejaukti poliestera diegi.<\/p>\n","protected":false},"featured_media":160014,"template":"","meta":[],"product_cat":[130,133],"product_tag":[],"class_list":{"0":"post-160013","1":"product","2":"type-product","3":"status-publish","4":"has-post-thumbnail","6":"product_brand-dutch-bone","7":"product_brand-white-label-living","8":"product_brand-zuiver","9":"product_cat-interjeram","10":"product_cat-paklaji","12":"first","13":"instock","14":"shipping-taxable","15":"purchasable","16":"product-type-simple","17":"hongo-alternate-image-wrap"},"_links":{"self":[{"href":"https:\/\/4room.lv\/lv\/wp-json\/wp\/v2\/product\/160013","targetHints":{"allow":["GET"]}}],"collection":[{"href":"https:\/\/4room.lv\/lv\/wp-json\/wp\/v2\/product"}],"about":[{"href":"https:\/\/4room.lv\/lv\/wp-json\/wp\/v2\/types\/product"}],"wp:featuredmedia":[{"embeddable":true,"href":"https:\/\/4room.lv\/lv\/wp-json\/wp\/v2\/media\/160014"}],"wp:attachment":[{"href":"https:\/\/4room.lv\/lv\/wp-json\/wp\/v2\/media?parent=160013"}],"wp:term":[{"taxonomy":"product_cat","embeddable":true,"href":"https:\/\/4room.lv\/lv\/wp-json\/wp\/v2\/product_cat?post=160013"},{"taxonomy":"product_tag","embeddable":true,"href":"https:\/\/4room.lv\/lv\/wp-json\/wp\/v2\/product_tag?post=160013"}],"curies":[{"name":"wp","href":"https:\/\/api.w.org\/{rel}","templated":true}]}}